{"id":4003,"date":"2022-11-23T09:16:53","date_gmt":"2022-11-23T08:16:53","guid":{"rendered":"https:\/\/www.encounter.dk\/parraadgivning\/"},"modified":"2025-04-04T04:32:14","modified_gmt":"2025-04-04T02:32:14","slug":"parraadgivning","status":"publish","type":"page","link":"https:\/\/www.encounter.dk\/no\/parraadgivning\/","title":{"rendered":"Parr\u00e5dgivning"},"content":{"rendered":"<p>[et_pb_section fb_built=\"1&#8243; _builder_version=\"4.16&#8243; _module_preset=\"default\" custom_padding=\"||0px|||\" global_colors_info=\"{}\"][et_pb_row column_structure=\"2_5,3_5&#8243; _builder_version=\"4.16&#8243; _module_preset=\"default\" custom_padding=\"0px|||||\" global_colors_info=\"{}\"][et_pb_column type=\"2_5&#8243; disabled_on=\"off|off|off\" _builder_version=\"4.16&#8243; _module_preset=\"default\" global_colors_info=\"{}\"][et_pb_image src=\"https:\/\/www.encounter.dk\/wp-content\/uploads\/2022\/11\/Illu_website_04-1-2048&#215;1749-1.png\" _builder_version=\"4.16&#8243; _module_preset=\"default\" global_colors_info=\"{}\"][\/et_pb_image][\/et_pb_column][et_pb_column type=\"3_5&#8243; _builder_version=\"4.16&#8243; _module_preset=\"default\" custom_padding=\"5vh|13vw|||false|false\" custom_padding_tablet=\"0vh|0vw|||false|false\" custom_padding_phone=\"\" custom_padding_last_edited=\"on|tablet\" global_colors_info=\"{}\"][et_pb_text _builder_version=\"4.19.1&#8243; _module_preset=\"69cd6944-3663-4ef3-8d15-d898776e0b1c\" header_text_color=\"#383838&#8243; header_font_size=\"4.9vw\" header_2_font_size=\"3vw\" width=\"130%\" custom_margin=\"|-63px||||\" hover_enabled=\"0&#8243; global_colors_info=\"{}\" sticky_enabled=\"0&#8243;]<\/p>\n<h1>Parr\u00e5dgivning<\/h1>\n<div id=\"block-yui_3_17_2_1_1563810935942_11518\" class=\"sqs-block html-block sqs-block-html\" data-block-type=\"2\">\n<div class=\"sqs-block-content\">\n<p class=\"\"><span><\/span><\/p>\n<p class=\"\"><span>Parforhold kan se veldig forskjellig ut - men for de fleste par er parforholdet grunnleggende for kvaliteten i hverdagen. Det kan v\u00e6re sv\u00e6rt vanskelig \u00e5 fungere p\u00e5 andre arenaer i livet hvis forholdet er ustabilt eller problematisk. Derfor er det ekstremt viktig \u00e5 ta tak i de uunng\u00e5elige konfliktene som oppst\u00e5r n\u00e5r to mennesker skal dele livet sammen.  <\/span><\/p>\n<\/div>\n<\/div>\n<p>[\/et_pb_text][\/et_pb_column][\/et_pb_row][et_pb_row column_structure=\"2_5,3_5&#8243; _builder_version=\"4.16&#8243; _module_preset=\"default\" custom_padding=\"||||false|false\" global_colors_info=\"{}\"][et_pb_column type=\"2_5&#8243; _builder_version=\"4.16&#8243; _module_preset=\"default\" custom_padding=\"|5vw|||false|false\" custom_padding_tablet=\"|0vw|||false|false\" custom_padding_phone=\"\" custom_padding_last_edited=\"on|tablet\" global_colors_info=\"{}\"][et_pb_text _builder_version=\"4.19.1&#8243; _module_preset=\"7b1c1dfe-8dae-4eff-bd41-993c6da2e5ca\" text_text_color=\"#723EFF\" locked=\"off\" global_colors_info=\"{}\"]<\/p>\n<p><span>\"Uansett hva det konkrete problemet er, vil et parterapiforl\u00f8p gi dere verkt\u00f8y som dere kan ta med dere og bruke i mange situasjoner i fremtiden.\"<\/span><\/p>\n<p><em>- Par, kvinne 35 \u00e5r og mann 37 \u00e5r.<\/em><\/p>\n<p>[\/et_pb_text][\/et_pb_column][et_pb_column type=\"3_5&#8243; _builder_version=\"4.16&#8243; _module_preset=\"default\" global_colors_info=\"{}\"][et_pb_text _builder_version=\"4.19.1&#8243; _module_preset=\"7b1c1dfe-8dae-4eff-bd41-993c6da2e5ca\" header_text_color=\"#383838&#8243; header_2_font_size=\"3vw\" header_3_text_color=\"#723EFF\" global_colors_info=\"{}\"]<\/p>\n<div class=\"elementor-element elementor-element-7757a9c elementor-widget elementor-widget-heading\" data-id=\"7757a9c\" data-element_type=\"widget\" data-widget_type=\"heading.default\">\n<div class=\"elementor-widget-container\">\n<h1 class=\"elementor-heading-title elementor-size-large\">Temaer<\/h1>\n<p><span>Det kan v\u00e6re litt overveldende \u00e5 vurdere parterapi fordi det inneb\u00e6rer \u00e5 invitere en tredje part inn i intimsf\u00e6ren<\/span><\/p>\n<p class=\"\">Noen synes det er flaut eller skamfullt - og det er derfor mange par venter til det nesten er for sent. Men ofte er parterapi sv\u00e6rt effektivt fordi det bidrar til \u00e5 skape det rommet som trengs for \u00e5 snakke sammen p\u00e5 et dypere plan, lytte til hverandre og forst\u00e5 hverandre p\u00e5 dypet. <\/p>\n<p>Eksempler p\u00e5 temaer for parterapi kan v\u00e6re:<\/p>\n<ul data-rte-list=\"default\">\n<li>\n<p class=\"\">Skal vi holde sammen eller sl\u00e5 opp?<\/p>\n<\/li>\n<li>\n<p class=\"\">Gjenopprette en sunn kommunikasjon<\/p>\n<\/li>\n<li>\n<p class=\"\">Skyld, krangler, konflikter og emosjonell avstand<\/p>\n<\/li>\n<li>\n<p class=\"\">Konflikth\u00e5ndtering i forbindelse med f.eks. skilsmisse<\/p>\n<\/li>\n<li>\n<p class=\"\">Sexliv og lidenskap<\/p>\n<\/li>\n<li>\n<p class=\"\">Utroskap<\/p>\n<\/li>\n<\/ul>\n<\/div>\n<\/div>\n<p>[\/et_pb_text][\/et_pb_column][\/et_pb_row][\/et_pb_section][et_pb_section fb_built=\"1&#8243; _builder_version=\"4.16&#8243; _module_preset=\"default\" background_enable_image=\"off\" custom_padding=\"0px||||false|false\" global_colors_info=\"{}\"][et_pb_row custom_padding_last_edited=\"on|phone\" _builder_version=\"4.16&#8243; _module_preset=\"default\" background_image=\"https:\/\/www.encounter.dk\/wp-content\/uploads\/2022\/11\/MG_5047.jpeg\" width_tablet=\"100%\" width_phone=\"\" width_last_edited=\"on|tablet\" custom_padding=\"32vh||32vh||true|false\" custom_padding_tablet=\"25vh||25vh||true|false\" custom_padding_phone=\"19vh||19vh||true|false\" global_colors_info=\"{}\"][et_pb_column type=\"4_4&#8243; _builder_version=\"4.16&#8243; _module_preset=\"default\" global_colors_info=\"{}\"][\/et_pb_column][\/et_pb_row][\/et_pb_section]<\/p>\n","protected":false},"excerpt":{"rendered":"<p>Parr\u00e5dgivning Parforhold kan se veldig forskjellig ut - men for de fleste par er parforholdet grunnleggende for kvaliteten i hverdagen. Det kan v\u00e6re sv\u00e6rt vanskelig \u00e5 fungere p\u00e5 andre arenaer i livet hvis forholdet er ustabilt eller problematisk. Derfor er det ekstremt viktig \u00e5 ta tak i de uunng\u00e5elige konfliktene som oppst\u00e5r n\u00e5r to mennesker [&hellip;]<\/p>\n","protected":false},"author":3,"featured_media":0,"parent":0,"menu_order":0,"comment_status":"closed","ping_status":"closed","template":"","meta":{"_et_pb_use_builder":"on","_et_pb_old_content":"","_et_gb_content_width":"","footnotes":""},"class_list":["post-4003","page","type-page","status-publish","hentry"],"yoast_head":"<!-- This site is optimized with the Yoast SEO plugin v26.9 - https:\/\/yoast.com\/product\/yoast-seo-wordpress\/ -->\n<title>Parr\u00e5dgivning - Encounter<\/title>\n<meta name=\"robots\" content=\"index, follow, max-snippet:-1, max-image-preview:large, max-video-preview:-1\" \/>\n<link rel=\"canonical\" href=\"https:\/\/www.encounter.dk\/no\/parraadgivning\/\" \/>\n<meta property=\"og:locale\" content=\"nb_NO\" \/>\n<meta property=\"og:type\" content=\"article\" \/>\n<meta property=\"og:title\" content=\"Parr\u00e5dgivning - Encounter\" \/>\n<meta property=\"og:description\" content=\"Parr\u00e5dgivning Parforhold kan se veldig forskjellig ut - men for de fleste par er parforholdet grunnleggende for kvaliteten i hverdagen. Det kan v\u00e6re sv\u00e6rt vanskelig \u00e5 fungere p\u00e5 andre arenaer i livet hvis forholdet er ustabilt eller problematisk. Derfor er det ekstremt viktig \u00e5 ta tak i de uunng\u00e5elige konfliktene som oppst\u00e5r n\u00e5r to mennesker [&hellip;]\" \/>\n<meta property=\"og:url\" content=\"https:\/\/www.encounter.dk\/no\/parraadgivning\/\" \/>\n<meta property=\"og:site_name\" content=\"Encounter\" \/>\n<meta property=\"article:modified_time\" content=\"2025-04-04T02:32:14+00:00\" \/>\n<meta name=\"twitter:card\" content=\"summary_large_image\" \/>\n<meta name=\"twitter:label1\" content=\"Ansl. lesetid\" \/>\n\t<meta name=\"twitter:data1\" content=\"3 minutter\" \/>\n<script type=\"application\/ld+json\" class=\"yoast-schema-graph\">{\"@context\":\"https:\/\/schema.org\",\"@graph\":[{\"@type\":\"WebPage\",\"@id\":\"https:\/\/www.encounter.dk\/no\/parraadgivning\/\",\"url\":\"https:\/\/www.encounter.dk\/no\/parraadgivning\/\",\"name\":\"Parr\u00e5dgivning - Encounter\",\"isPartOf\":{\"@id\":\"https:\/\/www.encounter.dk\/no\/#website\"},\"datePublished\":\"2022-11-23T08:16:53+00:00\",\"dateModified\":\"2025-04-04T02:32:14+00:00\",\"breadcrumb\":{\"@id\":\"https:\/\/www.encounter.dk\/no\/parraadgivning\/#breadcrumb\"},\"inLanguage\":\"nb-NO\",\"potentialAction\":[{\"@type\":\"ReadAction\",\"target\":[\"https:\/\/www.encounter.dk\/no\/parraadgivning\/\"]}]},{\"@type\":\"BreadcrumbList\",\"@id\":\"https:\/\/www.encounter.dk\/no\/parraadgivning\/#breadcrumb\",\"itemListElement\":[{\"@type\":\"ListItem\",\"position\":1,\"name\":\"Hjem\",\"item\":\"https:\/\/www.encounter.dk\/no\/psykologer-som-spesialiserer-seg-paa-korttidsterapi\/\"},{\"@type\":\"ListItem\",\"position\":2,\"name\":\"Parr\u00e5dgivning\"}]},{\"@type\":\"WebSite\",\"@id\":\"https:\/\/www.encounter.dk\/no\/#website\",\"url\":\"https:\/\/www.encounter.dk\/no\/\",\"name\":\"Encounter\",\"description\":\"M\u00f8der der forandrer\",\"potentialAction\":[{\"@type\":\"SearchAction\",\"target\":{\"@type\":\"EntryPoint\",\"urlTemplate\":\"https:\/\/www.encounter.dk\/no\/?s={search_term_string}\"},\"query-input\":{\"@type\":\"PropertyValueSpecification\",\"valueRequired\":true,\"valueName\":\"search_term_string\"}}],\"inLanguage\":\"nb-NO\"}]}<\/script>\n<!-- \/ Yoast SEO plugin. -->","yoast_head_json":{"title":"Parr\u00e5dgivning - Encounter","robots":{"index":"index","follow":"follow","max-snippet":"max-snippet:-1","max-image-preview":"max-image-preview:large","max-video-preview":"max-video-preview:-1"},"canonical":"https:\/\/www.encounter.dk\/no\/parraadgivning\/","og_locale":"nb_NO","og_type":"article","og_title":"Parr\u00e5dgivning - Encounter","og_description":"Parr\u00e5dgivning Parforhold kan se veldig forskjellig ut - men for de fleste par er parforholdet grunnleggende for kvaliteten i hverdagen. Det kan v\u00e6re sv\u00e6rt vanskelig \u00e5 fungere p\u00e5 andre arenaer i livet hvis forholdet er ustabilt eller problematisk. Derfor er det ekstremt viktig \u00e5 ta tak i de uunng\u00e5elige konfliktene som oppst\u00e5r n\u00e5r to mennesker [&hellip;]","og_url":"https:\/\/www.encounter.dk\/no\/parraadgivning\/","og_site_name":"Encounter","article_modified_time":"2025-04-04T02:32:14+00:00","twitter_card":"summary_large_image","twitter_misc":{"Ansl. lesetid":"3 minutter"},"schema":{"@context":"https:\/\/schema.org","@graph":[{"@type":"WebPage","@id":"https:\/\/www.encounter.dk\/no\/parraadgivning\/","url":"https:\/\/www.encounter.dk\/no\/parraadgivning\/","name":"Parr\u00e5dgivning - Encounter","isPartOf":{"@id":"https:\/\/www.encounter.dk\/no\/#website"},"datePublished":"2022-11-23T08:16:53+00:00","dateModified":"2025-04-04T02:32:14+00:00","breadcrumb":{"@id":"https:\/\/www.encounter.dk\/no\/parraadgivning\/#breadcrumb"},"inLanguage":"nb-NO","potentialAction":[{"@type":"ReadAction","target":["https:\/\/www.encounter.dk\/no\/parraadgivning\/"]}]},{"@type":"BreadcrumbList","@id":"https:\/\/www.encounter.dk\/no\/parraadgivning\/#breadcrumb","itemListElement":[{"@type":"ListItem","position":1,"name":"Hjem","item":"https:\/\/www.encounter.dk\/no\/psykologer-som-spesialiserer-seg-paa-korttidsterapi\/"},{"@type":"ListItem","position":2,"name":"Parr\u00e5dgivning"}]},{"@type":"WebSite","@id":"https:\/\/www.encounter.dk\/no\/#website","url":"https:\/\/www.encounter.dk\/no\/","name":"Encounter","description":"M\u00f8der der forandrer","potentialAction":[{"@type":"SearchAction","target":{"@type":"EntryPoint","urlTemplate":"https:\/\/www.encounter.dk\/no\/?s={search_term_string}"},"query-input":{"@type":"PropertyValueSpecification","valueRequired":true,"valueName":"search_term_string"}}],"inLanguage":"nb-NO"}]}},"_links":{"self":[{"href":"https:\/\/www.encounter.dk\/no\/wp-json\/wp\/v2\/pages\/4003","targetHints":{"allow":["GET"]}}],"collection":[{"href":"https:\/\/www.encounter.dk\/no\/wp-json\/wp\/v2\/pages"}],"about":[{"href":"https:\/\/www.encounter.dk\/no\/wp-json\/wp\/v2\/types\/page"}],"author":[{"embeddable":true,"href":"https:\/\/www.encounter.dk\/no\/wp-json\/wp\/v2\/users\/3"}],"replies":[{"embeddable":true,"href":"https:\/\/www.encounter.dk\/no\/wp-json\/wp\/v2\/comments?post=4003"}],"version-history":[{"count":1,"href":"https:\/\/www.encounter.dk\/no\/wp-json\/wp\/v2\/pages\/4003\/revisions"}],"predecessor-version":[{"id":4009,"href":"https:\/\/www.encounter.dk\/no\/wp-json\/wp\/v2\/pages\/4003\/revisions\/4009"}],"wp:attachment":[{"href":"https:\/\/www.encounter.dk\/no\/wp-json\/wp\/v2\/media?parent=4003"}],"curies":[{"name":"wp","href":"https:\/\/api.w.org\/{rel}","templated":true}]}}