{"id":3960,"date":"2022-11-23T09:19:41","date_gmt":"2022-11-23T08:19:41","guid":{"rendered":"https:\/\/www.encounter.dk\/psykologer-aalborg\/"},"modified":"2025-04-25T10:27:30","modified_gmt":"2025-04-25T08:27:30","slug":"psykologer-aalborg","status":"publish","type":"page","link":"https:\/\/www.encounter.dk\/no\/psykologer-aalborg\/","title":{"rendered":"Psykologer Aalborg"},"content":{"rendered":"<p>[et_pb_section fb_built=\"1&#8243; _builder_version=\"4.19.1&#8243; _module_preset=\"default\" global_colors_info=\"{}\"][et_pb_row column_structure=\"1_2,1_2&#8243; admin_label=\"Rekke\" _builder_version=\"4.16&#8243; _module_preset=\"default\" global_colors_info=\"{}\"][et_pb_column type=\"1_2&#8243; _builder_version=\"4.16&#8243; _module_preset=\"default\" global_colors_info=\"{}\"][et_pb_text _builder_version=\"4.19.1&#8243; _module_preset=\"69cd6944-3663-4ef3-8d15-d898776e0b1c\" header_text_align=\"left\" header_font_size=\"3.4vw\" header_letter_spacing=\"-0.5px\" text_orientation=\"center\" custom_margin=\"||29px|||\" global_colors_info=\"{}\"]<\/p>\n<h1 class=\"elementor-heading-title elementor-size-default\">Psykologer i Aalborg<\/h1>\n<p>[\/et_pb_text][et_pb_text _builder_version=\"4.19.1&#8243; _module_preset=\"default\" text_text_color=\"#383838&#8243; custom_margin=\"-7px|||||\" inline_fonts=\"Cardo\" global_colors_info=\"{}\"]<\/p>\n<p>Det kan v\u00e6re overveldende \u00e5 v\u00e6re alene n\u00e5r utfordringene rammer. Hvis du har behov for \u00e5 snakke med noen som forst\u00e5r deg og kan hjelpe deg gjennom krisen eller de vanskelige f\u00f8lelsene, st\u00e5r v\u00e5rt team av psykologer i Aalborg klare til \u00e5 ta imot deg i trygge omgivelser og gi deg verkt\u00f8yene du trenger for \u00e5 finne tilbake til fotfestet igjen. <\/p>\n<p><span>Bestill en gratis avklaringssamtale og la oss matche deg med den psykologen som best kan gi deg den hjelpen du trenger.<\/span><\/p>\n<p>[\/et_pb_text][et_pb_code _builder_version=\"4.19.1&#8243; _module_preset=\"default\" custom_margin=\"||||false|false\" custom_padding=\"13px||||false|false\" locked=\"off\" global_colors_info=\"{}\"]<a id=\"calendly-inline-button-widget\" data-url=\"https:\/\/calendly.com\/d\/cj9x-mnf-b3p\/indledende-samtale-gratis?hide_gdpr_banner=1\" class=\"\" href=\"\" onclick=\"Calendly.initPopupWidget({url: 'https:\/\/calendly.com\/d\/cj9x-mnf-b3p\/indledende-samtale-gratis?hide_gdpr_banner=1'});return false;\" style=\"background-color: #723eff; padding: 20px; border-radius: 5px; font-size:16px; &lt;!-- [et_pb_line_break_holder] --&gt;                   color:#ffffff;\"><strong>Bestill en gratis avklaringssamtale<\/strong><\/a>[\/et_pb_code][et_pb_text _builder_version=\"4.19.1&#8243; _module_preset=\"default\" global_colors_info=\"{}\"]<\/p>\n<p>Eller ring og bestill en time p\u00e5 tlf. <span style=\"text-decoration: underline;\"><a href=\"tel:70602021\">7060 2021<\/a><\/span>.<\/p>\n<p>[\/et_pb_text][et_pb_image src=\"https:\/\/www.encounter.dk\/wp-content\/uploads\/2023\/04\/green_stars.png\" _builder_version=\"4.19.1&#8243; _module_preset=\"default\" height=\"24px\" custom_padding=\"15px||||false|false\" locked=\"off\" global_colors_info=\"{}\" custom_margin__hover_enabled=\"off|desktop\"][\/et_pb_image][et_pb_text _builder_version=\"4.19.1&#8243; _module_preset=\"default\" text_letter_spacing=\"-0.4px\" custom_margin=\"-30px||||false|false\" locked=\"off\" global_colors_info=\"{}\"]<\/p>\n<p><strong>Utmerket<\/strong> - 5 stjerner p\u00e5 Google<\/p>\n<p>[\/et_pb_text][\/et_pb_column][et_pb_column type=\"1_2&#8243; _builder_version=\"4.16&#8243; _module_preset=\"default\" global_colors_info=\"{}\"][et_pb_video src=\"https:\/\/vimeo.com\/778800030&#8243; image_src=\"https:\/\/www.encounter.dk\/wp-content\/uploads\/2023\/04\/neela-thumbnail-scaled.jpg\" _builder_version=\"4.19.1&#8243; _module_preset=\"default\" border_radii=\"on|5px|5px|5px|5px\" box_shadow_style=\"preset1&#8243; box_shadow_color=\"rgba(56,56,56,0.16)\" global_colors_info=\"{}\"][\/et_pb_video][\/et_pb_column][\/et_pb_row][et_pb_row column_structure=\"3_5,2_5&#8243; admin_label=\"Rekke\" _builder_version=\"4.19.1&#8243; _module_preset=\"default\" global_colors_info=\"{}\"][et_pb_column type=\"3_5&#8243; _builder_version=\"4.19.1&#8243; _module_preset=\"default\" global_colors_info=\"{}\"][et_pb_image src=\"https:\/\/www.encounter.dk\/wp-content\/uploads\/2022\/11\/MIK0556.jpg\" _builder_version=\"4.19.1&#8243; _module_preset=\"default\" border_radii=\"on|5px|5px|5px|5px\" global_colors_info=\"{}\"][\/et_pb_image][\/et_pb_column][et_pb_column type=\"2_5&#8243; admin_label=\"Spalte\" _builder_version=\"4.19.1&#8243; _module_preset=\"default\" global_colors_info=\"{}\"][et_pb_text admin_label=\"Tekst\" _builder_version=\"4.19.1&#8243; _module_preset=\"default\" header_font=\"|600|||||||\" header_2_font=\"|600|||||||\" header_2_font_size=\"28px\" header_2_letter_spacing=\"0.8px\" custom_margin=\"||8px|||\" global_colors_info=\"{}\"]<\/p>\n<h2>Dine fordeler ved \u00e5 velge Encounter<\/h2>\n<p>[\/et_pb_text][et_pb_text admin_label=\"Tekst\" _builder_version=\"4.19.1&#8243; _module_preset=\"default\" global_colors_info=\"{}\"]<\/p>\n<p><span>N\u00e5r du velger Encounters psykologer i Vejle, f\u00e5r du en rekke fordeler som hjelper deg med \u00e5 navigere gjennom livets utfordringer og oppn\u00e5 mental balanse:<\/span><\/p>\n<p>[\/et_pb_text][et_pb_blurb title=\"M\u00e5lrettet behandling for varige resultater\" use_icon=\"on\" font_icon=\"&#x4e;||divi||400&#8243; icon_color=\"#723EFF\" image_icon_background_color=\"rgba(114,62,255,0.1)\" icon_placement=\"left\" image_icon_width=\"24px\" content_max_width=\"100%\" admin_label=\"Bagsidetekst\" _builder_version=\"4.19.1&#8243; header_font=\"Karla||||||||\" header_font_size=\"22px\" header_line_height=\"1.4em\" image_icon_custom_padding=\"4px|4px|4px|4px|false|false\" custom_margin=\"||10px||false|false\" animation=\"off\" header_font_size_tablet=\"20px\" header_font_size_phone=\"18px\" header_font_size_last_edited=\"on|tablet\" border_radii_image=\"on|100%|100%|100%|100%\" icon_font_size=\"24px\" locked=\"off\" global_colors_info=\"{}\"]<\/p>\n<p><span>Vi tilpasser terapien til dine spesifikke behov og m\u00e5l, slik at du kommer p\u00e5 rett spor i l\u00f8pet av gjennomsnittlig fem \u00f8kter.<\/span><\/p>\n<p>[\/et_pb_blurb][et_pb_blurb title=\"Erfarne og autoriserte psykologer\" use_icon=\"on\" font_icon=\"&#x4e;||divi||400&#8243; icon_color=\"#723EFF\" image_icon_background_color=\"rgba(114,62,255,0.1)\" icon_placement=\"left\" image_icon_width=\"24px\" content_max_width=\"100%\" _builder_version=\"4.19.1&#8243; header_font=\"Karla||||||||\" header_font_size=\"22px\" header_line_height=\"1.4em\" image_icon_custom_padding=\"4px|4px|4px|4px|false|false\" custom_margin=\"||10px||false|false\" animation=\"off\" header_font_size_tablet=\"20px\" header_font_size_phone=\"18px\" header_font_size_last_edited=\"on|tablet\" border_radii_image=\"on|100%|100%|100%|100%\" icon_font_size=\"24px\" locked=\"off\" global_colors_info=\"{}\"]<\/p>\n<p><span>V\u00e5rt team p\u00e5 over 25 psykologer er n\u00f8ye utvalgt og har et bredt spekter av spesialiseringer for \u00e5 sikre at du f\u00e5r riktig hjelp.<\/span><\/p>\n<p>[\/et_pb_blurb][et_pb_blurb title=\"F\u00e5 hjelp med en gang - ingen ventetid\" use_icon=\"on\" font_icon=\"&#x4e;||divi||400&#8243; icon_color=\"#723EFF\" image_icon_background_color=\"rgba(114,62,255,0.1)\" icon_placement=\"left\" image_icon_width=\"24px\" content_max_width=\"100%\" _builder_version=\"4.19.1&#8243; header_font=\"Karla||||||||\" header_font_size=\"22px\" header_line_height=\"1.4em\" image_icon_custom_padding=\"4px|4px|4px|4px|false|false\" custom_margin=\"||10px||false|false\" custom_padding=\"||28px|||\" animation=\"off\" header_font_size_tablet=\"20px\" header_font_size_phone=\"18px\" header_font_size_last_edited=\"on|tablet\" border_radii_image=\"on|100%|100%|100%|100%\" icon_font_size=\"24px\" locked=\"off\" global_colors_info=\"{}\"]<\/p>\n<p><span>F\u00e5 rask tilgang til psykologene v\u00e5re og start terapien n\u00e5r du trenger det.<\/span><\/p>\n<p>[\/et_pb_blurb][et_pb_code _builder_version=\"4.19.1&#8243; _module_preset=\"default\" min_height=\"26.3px\" custom_margin=\"||||false|false\" custom_padding=\"13px||||false|false\" locked=\"off\" global_colors_info=\"{}\"]<a id=\"calendly-inline-button-widget\" data-url=\"https:\/\/calendly.com\/d\/cj9x-mnf-b3p\/indledende-samtale-gratis?hide_gdpr_banner=1\" class=\"\" href=\"\" onclick=\"Calendly.initPopupWidget({url: 'https:\/\/calendly.com\/d\/cj9x-mnf-b3p\/indledende-samtale-gratis?hide_gdpr_banner=1'});return false;\" style=\"background-color: #723eff; padding: 20px; border-radius: 5px; font-size:16px; &lt;!-- [et_pb_line_break_holder] --&gt;                   color:#ffffff;\"><strong>Bestill en gratis avklaringssamtale<\/strong><\/a>[\/et_pb_code][et_pb_text _builder_version=\"4.19.1&#8243; _module_preset=\"default\" global_colors_info=\"{}\"]<\/p>\n<p>Eller ring og bestill en time p\u00e5 tlf. <span style=\"text-decoration: underline;\"><a href=\"tel:70602021\">7060 2021<\/a><\/span>.<\/p>\n<p>[\/et_pb_text][et_pb_text _builder_version=\"4.19.1&#8243; _module_preset=\"default\" global_colors_info=\"{}\"]<\/p>\n<h2><\/h2>\n<p>[\/et_pb_text][\/et_pb_column][\/et_pb_row][\/et_pb_section][et_pb_section fb_built=\"1&#8243; admin_label=\"Testimonials\" _builder_version=\"4.19.1&#8243; background_enable_color=\"off\" background_image=\"https:\/\/www.encounter.dk\/wp-content\/uploads\/2022\/11\/278459243_479276827595683_222292436796867030_n.jpg\" parallax=\"on\" background_blend=\"screen\" custom_padding=\"10vw||10vw||true|false\" locked=\"off\" global_colors_info=\"{}\"][et_pb_row _builder_version=\"4.19.1&#8243; background_color=\"#ffffff\" custom_padding=\"0px||0px||true|false\" animation_style=\"flip\" animation_direction=\"top\" animation_duration=\"500ms\" animation_delay=\"250ms\" animation_intensity_flip=\"15%\" border_width_all=\"30px\" border_color_all=\"#ffffff\" border_width_all_tablet=\"20px\" border_width_all_phone=\"10px\" border_width_all_last_edited=\"on|phone\" global_colors_info=\"{}\"][et_pb_column type=\"4_4&#8243; _builder_version=\"4.16&#8243; border_width_all=\"2px\" global_colors_info=\"{}\"][et_pb_slider use_bg_overlay=\"off\" use_text_overlay=\"off\" arrows_custom_color=\"#723EFF\" dot_nav_custom_color=\"#723EFF\" _builder_version=\"4.19.1&#8243; header_font=\"||||||||\" header_text_color=\"#2f2f2f\" header_font_size=\"30px\" header_line_height=\"1.2em\" body_font=\"Muli||on||||||\" body_text_color=\"#2f2f2f\" body_line_height=\"1.8em\" background_color=\"#ffffff\" custom_padding=\"|20px||20px|false|true\" header_font_size_tablet=\"16px\" header_font_size_phone=\"14px\" header_font_size_last_edited=\"on|phone\" header_line_height_tablet=\"1.8em\" header_line_height_phone=\"\" header_line_height_last_edited=\"on|tablet\" body_font_size_tablet=\"16px\" body_font_size_phone=\"14px\" body_font_size_last_edited=\"on|tablet\" text_shadow_style=\"preset1&#8243; text_shadow_color=\"rgba(0,0,0,0)\" global_colors_info=\"{}\"][et_pb_slide heading=\"%22Jeg har satt stor pris p\u00e5 programmet. Perspektivet p\u00e5 problemstillingene det har gitt meg, har v\u00e6rt helt avgj\u00f8rende. Det hadde jeg ikke klart \u00e5 finne p\u00e5 egen h\u00e5nd.%22&#8243; _builder_version=\"4.16&#8243; global_colors_info=\"{}\" sticky_transition=\"on\"]<\/p>\n<p>- Mann, 45 \u00e5r gammel<\/p>\n<p>[\/et_pb_slide][et_pb_slide heading=\"%22Det har f\u00e5tt meg til \u00e5 g\u00e5 videre. Det har v\u00e6rt til stor hjelp. Jeg kan nesten ikke beskrive det!%22&#8243; _builder_version=\"4.16&#8243; global_colors_info=\"{}\" sticky_transition=\"on\"]<\/p>\n<p>- Kvinne, 38 \u00e5r gammel<\/p>\n<p>[\/et_pb_slide][et_pb_slide heading=\"%22Terapeuten var flink til \u00e5 tilpasse terapien til mine behov, og inkluderte \u00f8velser som overrasket meg og gjorde det praktisk og enkelt \u00e5 overf\u00f8re til hverdagen min.%22&#8243; _builder_version=\"4.16&#8243; global_colors_info=\"{}\" sticky_transition=\"on\"]<\/p>\n<p>- Kvinne, 46 \u00e5r gammel<\/p>\n<p>[\/et_pb_slide][\/et_pb_slider][\/et_pb_column][\/et_pb_row][\/et_pb_section][et_pb_section fb_built=\"1&#8243; _builder_version=\"4.16&#8243; _module_preset=\"default\" global_colors_info=\"{}\"][et_pb_row _builder_version=\"4.19.1&#8243; _module_preset=\"default\" global_colors_info=\"{}\"][et_pb_column type=\"4_4&#8243; _builder_version=\"4.19.1&#8243; _module_preset=\"default\" global_colors_info=\"{}\"][et_pb_text _builder_version=\"4.19.1&#8243; _module_preset=\"default\" header_2_font_size=\"38px\" global_colors_info=\"{}\"]<\/p>\n<h2 style=\"text-align: center;\">M\u00f8t v\u00e5re psykologer i Aalborg<\/h2>\n<p>[\/et_pb_text][\/et_pb_column][\/et_pb_row][et_pb_row column_structure=\"1_3,1_3,1_3&#8243; use_custom_gutter=\"on\" gutter_width=\"2&#8243; _builder_version=\"4.19.1&#8243; _module_preset=\"default\" global_colors_info=\"{}\"][et_pb_column type=\"1_3&#8243; _builder_version=\"4.16&#8243; _module_preset=\"default\" global_colors_info=\"{}\"][et_pb_blurb title=\"Simone Indius Andersen  \" image=\"https:\/\/www.encounter.dk\/wp-content\/uploads\/2024\/08\/2024-05-03_Encounter500033-1-scaled-e1724068664213.jpg\" image_icon_width=\"100%\" _builder_version=\"4.19.1&#8243; _module_preset=\"1faf3b77-cf94-43ff-8a7a-013657b79533&#8243; image_icon_custom_margin=\"0px||||false|false\" custom_margin=\"||||false|false\" locked=\"off\" global_colors_info=\"{}\"]<\/p>\n<p><span>Som din psykolog streber jeg etter \u00e5 skape en tillitsfull relasjon der du kan f\u00f8le deg trygg p\u00e5 \u00e5 snakke med meg, slik at vi kan utforske din konkrete situasjon og identifisere hvilke endringer du \u00f8nsker \u00e5 gj\u00f8re i livet ditt. M\u00e5let mitt er \u00e5 gi deg konkrete verkt\u00f8y som du kan bruke til \u00e5 jobbe med dine n\u00e5v\u00e6rende utfordringer og styrke din evne til \u00e5 utvikle deg videre i fremtiden. <\/span><\/p>\n<p>[\/et_pb_blurb][\/et_pb_column][et_pb_column type=\"1_3&#8243; _builder_version=\"4.16&#8243; _module_preset=\"default\" global_colors_info=\"{}\"][et_pb_blurb title=\"Maya-Margrethe B\u00f8jland Preisler\" image=\"https:\/\/www.encounter.dk\/wp-content\/uploads\/2025\/04\/2024-10-26_Encounter_Maja_500094-scaled-e1745568437659.jpg\" image_icon_width=\"100%\" _builder_version=\"4.19.1&#8243; _module_preset=\"1faf3b77-cf94-43ff-8a7a-013657b79533&#8243; image_icon_custom_margin=\"0px||||false|false\" custom_margin=\"||||false|false\" hover_enabled=\"0&#8243; locked=\"off\" global_colors_info=\"{}\" title_text=\"2024-10-26_Encounter_Maja_500094&#8243; sticky_enabled=\"0&#8243;]<\/p>\n<p>Jeg elsker det unike og intime samspillet som terapi kan gi. Jeg legger stor vekt p\u00e5 \u00e5 legge til rette for en trygg atmosf\u00e6re der du fritt kan uttrykke dine tanker og bekymringer. Du vil f\u00e5 de verkt\u00f8yene og den st\u00f8tten du trenger for \u00e5 takle de problemene du tar opp. Terapien er tilpasset deg og dine behov, slik at du f\u00e5r trygghet til \u00e5 \u00e5pne deg og fokusere p\u00e5 din tilfriskning og personlige utvikling.   <\/p>\n<p>[\/et_pb_blurb][\/et_pb_column][et_pb_column type=\"1_3&#8243; _builder_version=\"4.16&#8243; _module_preset=\"default\" global_colors_info=\"{}\"][et_pb_blurb title=\"Johanne Andersen Grarup\" image=\"https:\/\/www.encounter.dk\/wp-content\/uploads\/2025\/04\/2024-10-26_Encounter_Johanne_500034-scaled-e1745568377962.jpg\" image_icon_width=\"100%\" _builder_version=\"4.19.1&#8243; _module_preset=\"1faf3b77-cf94-43ff-8a7a-013657b79533&#8243; image_icon_custom_margin=\"0px||||false|false\" custom_margin=\"||||false|false\" hover_enabled=\"0&#8243; locked=\"off\" global_colors_info=\"{}\" title_text=\"2024-10-26_Encounter_Johanne_500034&#8243; sticky_enabled=\"0&#8243;]<\/p>\n<p>Som psykolog er m\u00e5let mitt \u00e5 hjelpe deg tilbake p\u00e5 sporet n\u00e5r livet gj\u00f8r vondt. Jeg fokuserer p\u00e5 \u00e5 skape et trygt og \u00e5pent rom der du kan dele dine utfordringer og bekymringer. Sammen finner vi l\u00f8sninger og m\u00e5ter som kan hjelpe deg med \u00e5 h\u00e5ndtere dine n\u00e5v\u00e6rende problemer og gjenvinne balansen. Jeg tilbyr konkrete verkt\u00f8y og strategier med fokus p\u00e5 \u00e5 redusere symptomene dine og \u00f8ke ditt generelle velv\u00e6re.   <\/p>\n<p>[\/et_pb_blurb][\/et_pb_column][\/et_pb_row][et_pb_row _builder_version=\"4.16&#8243; _module_preset=\"default\" global_colors_info=\"{}\"][et_pb_column type=\"4_4&#8243; _builder_version=\"4.16&#8243; _module_preset=\"default\" global_colors_info=\"{}\"][et_pb_slider dot_nav_custom_color=\"#383838&#8243; _builder_version=\"4.16&#8243; _module_preset=\"default\" custom_padding=\"40vh||40vh||true|false\" custom_padding_tablet=\"30vh||30vh||true|false\" custom_padding_phone=\"20vh||20vh||true|false\" custom_padding_last_edited=\"on|tablet\" global_colors_info=\"{}\"][et_pb_slide _builder_version=\"4.16&#8243; _module_preset=\"default\" background_enable_color=\"off\" background_image=\"https:\/\/www.encounter.dk\/wp-content\/uploads\/2022\/11\/billede4.jpg\" background_enable_image=\"on\" global_colors_info=\"{}\" sticky_transition=\"on\"][\/et_pb_slide][et_pb_slide _builder_version=\"4.16&#8243; _module_preset=\"default\" background_enable_color=\"off\" background_image=\"https:\/\/www.encounter.dk\/wp-content\/uploads\/2022\/11\/MIK0285-1.jpg\" background_enable_image=\"on\" global_colors_info=\"{}\" sticky_transition=\"on\"][\/et_pb_slide][et_pb_slide _builder_version=\"4.16&#8243; _module_preset=\"default\" background_enable_color=\"off\" background_image=\"https:\/\/www.encounter.dk\/wp-content\/uploads\/2022\/11\/MIK0561.jpg\" background_enable_image=\"on\" global_colors_info=\"{}\" sticky_transition=\"on\"][\/et_pb_slide][\/et_pb_slider][\/et_pb_column][\/et_pb_row][et_pb_row _builder_version=\"4.16&#8243; _module_preset=\"default\" custom_padding=\"||0px|||\" global_colors_info=\"{}\"][et_pb_column type=\"4_4&#8243; _builder_version=\"4.16&#8243; _module_preset=\"default\" global_colors_info=\"{}\"][et_pb_text _builder_version=\"4.16&#8243; _module_preset=\"69cd6944-3663-4ef3-8d15-d898776e0b1c\" text_orientation=\"center\" global_colors_info=\"{}\"]<\/p>\n<h3 class=\"elementor-heading-title elementor-size-large\">Du finner oss her:<\/h3>\n<p>[\/et_pb_text][et_pb_code _builder_version=\"4.19.1&#8243; _module_preset=\"default\" global_colors_info=\"{}\"]<\/p>\n<div style=\"width: 100%\"><iframe loading=\"lazy\" width=\"100%\" height=\"350\" frameborder=\"0\" scrolling=\"no\" marginheight=\"0\" marginwidth=\"0\" src=\"https:\/\/maps.google.com\/maps?width=100%25&amp;height=350&amp;hl=en&amp;q=Vesterbro%2021D,%201th.,%209000%20Aalborg+(Encounter%20ApS)&amp;t=&amp;z=14&amp;ie=UTF8&amp;iwloc=B&amp;output=embed\"><a href=\"https:\/\/www.maps.ie\/distance-area-calculator.html\">kart over tiltaksomr\u00e5det<\/a><\/iframe><\/div>\n<p>[\/et_pb_code][et_pb_text _builder_version=\"4.16&#8243; _module_preset=\"69cd6944-3663-4ef3-8d15-d898776e0b1c\" header_4_font_size=\"20px\" global_colors_info=\"{}\"]<\/p>\n<div class=\"elementor-element elementor-element-2b7e354 elementor-widget elementor-widget-heading\" data-id=\"2b7e354\" data-element_type=\"widget\" data-widget_type=\"heading.default\">\n<div class=\"elementor-widget-container\">\n<h4 class=\"elementor-heading-title elementor-size-medium\">Parkering:<\/h4>\n<\/div>\n<\/div>\n<div class=\"elementor-element elementor-element-066bc21 elementor-widget elementor-widget-text-editor\" data-id=\"066bc21\" data-element_type=\"widget\" data-widget_type=\"text-editor.default\">\n<div class=\"elementor-widget-container\">\n<ul>\n<li>Palads parkeringsplass<\/li>\n<li>Q-park Plaza Aalborg<\/li>\n<\/ul>\n<\/div>\n<\/div>\n<p>[\/et_pb_text][\/et_pb_column][\/et_pb_row][\/et_pb_section]<\/p>\n","protected":false},"excerpt":{"rendered":"<p>Psykologer i AalborgDet kan v\u00e6re overveldende \u00e5 v\u00e6re alene n\u00e5r utfordringene rammer. Hvis du har behov for \u00e5 snakke med noen som forst\u00e5r deg og kan hjelpe deg gjennom krisen eller de vanskelige f\u00f8lelsene, st\u00e5r v\u00e5rt team av psykologer i Aalborg klare til \u00e5 ta imot deg i trygge omgivelser og gi deg verkt\u00f8yene du [&hellip;]<\/p>\n","protected":false},"author":3,"featured_media":0,"parent":0,"menu_order":0,"comment_status":"closed","ping_status":"closed","template":"","meta":{"_et_pb_use_builder":"on","_et_pb_old_content":"","_et_gb_content_width":"","footnotes":""},"class_list":["post-3960","page","type-page","status-publish","hentry"],"yoast_head":"<!-- This site is optimized with the Yoast SEO plugin v26.9 - https:\/\/yoast.com\/product\/yoast-seo-wordpress\/ -->\n<title>Psykologer Aalborg - Encounter<\/title>\n<meta name=\"robots\" content=\"index, follow, max-snippet:-1, max-image-preview:large, max-video-preview:-1\" \/>\n<link rel=\"canonical\" href=\"https:\/\/www.encounter.dk\/no\/psykologer-aalborg\/\" \/>\n<meta property=\"og:locale\" content=\"nb_NO\" \/>\n<meta property=\"og:type\" content=\"article\" \/>\n<meta property=\"og:title\" content=\"Psykologer Aalborg - Encounter\" \/>\n<meta property=\"og:description\" content=\"Psykologer i AalborgDet kan v\u00e6re overveldende \u00e5 v\u00e6re alene n\u00e5r utfordringene rammer. Hvis du har behov for \u00e5 snakke med noen som forst\u00e5r deg og kan hjelpe deg gjennom krisen eller de vanskelige f\u00f8lelsene, st\u00e5r v\u00e5rt team av psykologer i Aalborg klare til \u00e5 ta imot deg i trygge omgivelser og gi deg verkt\u00f8yene du [&hellip;]\" \/>\n<meta property=\"og:url\" content=\"https:\/\/www.encounter.dk\/no\/psykologer-aalborg\/\" \/>\n<meta property=\"og:site_name\" content=\"Encounter\" \/>\n<meta property=\"article:modified_time\" content=\"2025-04-25T08:27:30+00:00\" \/>\n<meta name=\"twitter:card\" content=\"summary_large_image\" \/>\n<meta name=\"twitter:label1\" content=\"Ansl. lesetid\" \/>\n\t<meta name=\"twitter:data1\" content=\"11 minutter\" \/>\n<script type=\"application\/ld+json\" class=\"yoast-schema-graph\">{\"@context\":\"https:\/\/schema.org\",\"@graph\":[{\"@type\":\"WebPage\",\"@id\":\"https:\/\/www.encounter.dk\/no\/psykologer-aalborg\/\",\"url\":\"https:\/\/www.encounter.dk\/no\/psykologer-aalborg\/\",\"name\":\"Psykologer Aalborg - Encounter\",\"isPartOf\":{\"@id\":\"https:\/\/www.encounter.dk\/no\/#website\"},\"datePublished\":\"2022-11-23T08:19:41+00:00\",\"dateModified\":\"2025-04-25T08:27:30+00:00\",\"breadcrumb\":{\"@id\":\"https:\/\/www.encounter.dk\/no\/psykologer-aalborg\/#breadcrumb\"},\"inLanguage\":\"nb-NO\",\"potentialAction\":[{\"@type\":\"ReadAction\",\"target\":[\"https:\/\/www.encounter.dk\/no\/psykologer-aalborg\/\"]}]},{\"@type\":\"BreadcrumbList\",\"@id\":\"https:\/\/www.encounter.dk\/no\/psykologer-aalborg\/#breadcrumb\",\"itemListElement\":[{\"@type\":\"ListItem\",\"position\":1,\"name\":\"Hjem\",\"item\":\"https:\/\/www.encounter.dk\/no\/psykologer-som-spesialiserer-seg-paa-korttidsterapi\/\"},{\"@type\":\"ListItem\",\"position\":2,\"name\":\"Psykologer Aalborg\"}]},{\"@type\":\"WebSite\",\"@id\":\"https:\/\/www.encounter.dk\/no\/#website\",\"url\":\"https:\/\/www.encounter.dk\/no\/\",\"name\":\"Encounter\",\"description\":\"M\u00f8der der forandrer\",\"potentialAction\":[{\"@type\":\"SearchAction\",\"target\":{\"@type\":\"EntryPoint\",\"urlTemplate\":\"https:\/\/www.encounter.dk\/no\/?s={search_term_string}\"},\"query-input\":{\"@type\":\"PropertyValueSpecification\",\"valueRequired\":true,\"valueName\":\"search_term_string\"}}],\"inLanguage\":\"nb-NO\"}]}<\/script>\n<!-- \/ Yoast SEO plugin. -->","yoast_head_json":{"title":"Psykologer Aalborg - Encounter","robots":{"index":"index","follow":"follow","max-snippet":"max-snippet:-1","max-image-preview":"max-image-preview:large","max-video-preview":"max-video-preview:-1"},"canonical":"https:\/\/www.encounter.dk\/no\/psykologer-aalborg\/","og_locale":"nb_NO","og_type":"article","og_title":"Psykologer Aalborg - Encounter","og_description":"Psykologer i AalborgDet kan v\u00e6re overveldende \u00e5 v\u00e6re alene n\u00e5r utfordringene rammer. Hvis du har behov for \u00e5 snakke med noen som forst\u00e5r deg og kan hjelpe deg gjennom krisen eller de vanskelige f\u00f8lelsene, st\u00e5r v\u00e5rt team av psykologer i Aalborg klare til \u00e5 ta imot deg i trygge omgivelser og gi deg verkt\u00f8yene du [&hellip;]","og_url":"https:\/\/www.encounter.dk\/no\/psykologer-aalborg\/","og_site_name":"Encounter","article_modified_time":"2025-04-25T08:27:30+00:00","twitter_card":"summary_large_image","twitter_misc":{"Ansl. lesetid":"11 minutter"},"schema":{"@context":"https:\/\/schema.org","@graph":[{"@type":"WebPage","@id":"https:\/\/www.encounter.dk\/no\/psykologer-aalborg\/","url":"https:\/\/www.encounter.dk\/no\/psykologer-aalborg\/","name":"Psykologer Aalborg - Encounter","isPartOf":{"@id":"https:\/\/www.encounter.dk\/no\/#website"},"datePublished":"2022-11-23T08:19:41+00:00","dateModified":"2025-04-25T08:27:30+00:00","breadcrumb":{"@id":"https:\/\/www.encounter.dk\/no\/psykologer-aalborg\/#breadcrumb"},"inLanguage":"nb-NO","potentialAction":[{"@type":"ReadAction","target":["https:\/\/www.encounter.dk\/no\/psykologer-aalborg\/"]}]},{"@type":"BreadcrumbList","@id":"https:\/\/www.encounter.dk\/no\/psykologer-aalborg\/#breadcrumb","itemListElement":[{"@type":"ListItem","position":1,"name":"Hjem","item":"https:\/\/www.encounter.dk\/no\/psykologer-som-spesialiserer-seg-paa-korttidsterapi\/"},{"@type":"ListItem","position":2,"name":"Psykologer Aalborg"}]},{"@type":"WebSite","@id":"https:\/\/www.encounter.dk\/no\/#website","url":"https:\/\/www.encounter.dk\/no\/","name":"Encounter","description":"M\u00f8der der forandrer","potentialAction":[{"@type":"SearchAction","target":{"@type":"EntryPoint","urlTemplate":"https:\/\/www.encounter.dk\/no\/?s={search_term_string}"},"query-input":{"@type":"PropertyValueSpecification","valueRequired":true,"valueName":"search_term_string"}}],"inLanguage":"nb-NO"}]}},"_links":{"self":[{"href":"https:\/\/www.encounter.dk\/no\/wp-json\/wp\/v2\/pages\/3960","targetHints":{"allow":["GET"]}}],"collection":[{"href":"https:\/\/www.encounter.dk\/no\/wp-json\/wp\/v2\/pages"}],"about":[{"href":"https:\/\/www.encounter.dk\/no\/wp-json\/wp\/v2\/types\/page"}],"author":[{"embeddable":true,"href":"https:\/\/www.encounter.dk\/no\/wp-json\/wp\/v2\/users\/3"}],"replies":[{"embeddable":true,"href":"https:\/\/www.encounter.dk\/no\/wp-json\/wp\/v2\/comments?post=3960"}],"version-history":[{"count":5,"href":"https:\/\/www.encounter.dk\/no\/wp-json\/wp\/v2\/pages\/3960\/revisions"}],"predecessor-version":[{"id":4388,"href":"https:\/\/www.encounter.dk\/no\/wp-json\/wp\/v2\/pages\/3960\/revisions\/4388"}],"wp:attachment":[{"href":"https:\/\/www.encounter.dk\/no\/wp-json\/wp\/v2\/media?parent=3960"}],"curies":[{"name":"wp","href":"https:\/\/api.w.org\/{rel}","templated":true}]}}