{"id":3950,"date":"2022-11-23T09:20:08","date_gmt":"2022-11-23T08:20:08","guid":{"rendered":"https:\/\/www.encounter.dk\/kvinnen-bak-encounter\/"},"modified":"2025-04-04T04:32:07","modified_gmt":"2025-04-04T02:32:07","slug":"kvinnen-bak-encounter","status":"publish","type":"page","link":"https:\/\/www.encounter.dk\/no\/kvinnen-bak-encounter\/","title":{"rendered":"Kvinnen bak Encounter"},"content":{"rendered":"<p>[et_pb_section fb_built=\"1&#8243; _builder_version=\"4.16&#8243; _module_preset=\"default\" custom_padding=\"||||false|false\" global_colors_info=\"{}\"][et_pb_row column_structure=\"1_2,1_2&#8243; _builder_version=\"4.16&#8243; _module_preset=\"default\" global_colors_info=\"{}\"][et_pb_column type=\"1_2&#8243; disabled_on=\"off|off|off\" _builder_version=\"4.16&#8243; _module_preset=\"default\" global_colors_info=\"{}\"][et_pb_text _builder_version=\"4.16&#8243; _module_preset=\"7b1c1dfe-8dae-4eff-bd41-993c6da2e5ca\" text_text_color=\"#723EFF\" text_font_size=\"26px\" header_2_text_color=\"#383838&#8243; header_2_font_size=\"2.5vw\" header_2_line_height=\"1.1em\" locked=\"off\" global_colors_info=\"{}\"]<\/p>\n<h2 class=\"elementor-heading-title elementor-size-xl\">Jeg brenner for arbeidet mitt som psykolog - og jeg streber etter \u00e5 realisere visjonene mine i selskapet Encounter, der det handler om m\u00f8tet mellom mennesker som f\u00f8rer til nye skritt i riktig retning.<\/h2>\n<p>[\/et_pb_text][et_pb_text _builder_version=\"4.16&#8243; _module_preset=\"7b1c1dfe-8dae-4eff-bd41-993c6da2e5ca\" locked=\"off\" global_colors_info=\"{}\"]<\/p>\n<p><span>Neela Maria Sris, psykolog og grunnlegger av Encounter<\/span><\/p>\n<p>[\/et_pb_text][\/et_pb_column][et_pb_column type=\"1_2&#8243; _builder_version=\"4.16&#8243; _module_preset=\"default\" global_colors_info=\"{}\"][et_pb_text _builder_version=\"4.19.1&#8243; _module_preset=\"69cd6944-3663-4ef3-8d15-d898776e0b1c\" header_text_color=\"#383838&#8243; header_2_font_size=\"3vw\" global_colors_info=\"{}\"]<\/p>\n<h1 class=\"elementor-heading-title elementor-size-default\">Kvinnen bak Encounter<\/h1>\n<div id=\"block-yui_3_17_2_1_1563810935942_11518\" class=\"sqs-block html-block sqs-block-html\" data-block-type=\"2\">\n<div class=\"sqs-block-content\">\n<p><span>Jeg heter Neela Maria Sris, er utdannet cand.psych.aut., selvstendig praktiserende psykolog og grunnlegger, direkt\u00f8r og daglig leder av Encounter. I mitt arbeid hjelper jeg mennesker med \u00e5 finne mening og hvile - i seg selv og i livet.<\/span><\/p>\n<\/div>\n<\/div>\n<p>[\/et_pb_text][et_pb_button button_url=\"@ET-DC@eyJkeW5hbWljIjp0cnVlLCJjb250ZW50IjoicG9zdF9saW5rX3VybF9wYWdlIiwic2V0dGluZ3MiOnsicG9zdF9pZCI6IjIzIn19@\" button_text=\"Ta det f\u00f8rste skrittet\" _builder_version=\"4.16&#8243; _dynamic_attributes=\"button_url\" _module_preset=\"f18dddda-1d68-4e92-9700-510050069999&#8243; global_colors_info=\"{}\"][\/et_pb_button][\/et_pb_column][\/et_pb_row][et_pb_row _builder_version=\"4.16&#8243; _module_preset=\"default\" global_colors_info=\"{}\"][et_pb_column type=\"4_4&#8243; _builder_version=\"4.16&#8243; _module_preset=\"default\" global_colors_info=\"{}\"][et_pb_image src=\"https:\/\/www.encounter.dk\/wp-content\/uploads\/2022\/11\/Kvinden-bag-Encounter.png\" align=\"center\" _builder_version=\"4.16&#8243; _module_preset=\"default\" width=\"40%\" width_tablet=\"100%\" width_phone=\"\" width_last_edited=\"on|tablet\" global_colors_info=\"{}\"][\/et_pb_image][\/et_pb_column][\/et_pb_row][et_pb_row column_structure=\"2_5,3_5&#8243; _builder_version=\"4.16&#8243; _module_preset=\"default\" custom_padding=\"||||false|false\" global_colors_info=\"{}\"][et_pb_column type=\"2_5&#8243; _builder_version=\"4.16&#8243; _module_preset=\"default\" custom_padding=\"||||false|false\" custom_padding_tablet=\"||||false|false\" custom_padding_last_edited=\"off|tablet\" global_colors_info=\"{}\"][et_pb_text _builder_version=\"4.19.1&#8243; _module_preset=\"7b1c1dfe-8dae-4eff-bd41-993c6da2e5ca\" text_text_color=\"#383838&#8243; header_font=\"Antic Didone||||||||\" header_2_line_height=\"1.1em\" locked=\"off\" global_colors_info=\"{}\"]<\/p>\n<h2 class=\"elementor-heading-title elementor-size-large\">Som psykolog er det mitt kall og min ambisjon \u00e5 bidra til menneskers utvikling.<\/h2>\n<p>Neela Maria Sris, psykolog og grunnlegger av Encounter - Neela@encounter.dk<\/p>\n<p>[\/et_pb_text][\/et_pb_column][et_pb_column type=\"3_5&#8243; _builder_version=\"4.16&#8243; _module_preset=\"default\" global_colors_info=\"{}\"][et_pb_text _builder_version=\"4.16&#8243; _module_preset=\"69cd6944-3663-4ef3-8d15-d898776e0b1c\" header_text_color=\"#723EFF\" header_font_size=\"3vw\" header_2_font_size=\"3vw\" header_font_size_tablet=\"5vw\" header_font_size_phone=\"8vw\" header_font_size_last_edited=\"on|desktop\" header_2_font_size_tablet=\"5vw\" header_2_font_size_phone=\"8vw\" global_colors_info=\"{}\"]<\/p>\n<div class=\"elementor-element elementor-element-7757a9c elementor-widget elementor-widget-heading\" data-id=\"7757a9c\" data-element_type=\"widget\" data-widget_type=\"heading.default\">\n<div class=\"elementor-widget-container\">\n<section class=\"elementor-section elementor-top-section elementor-element elementor-element-3d23a01e elementor-section-boxed elementor-section-height-default elementor-section-height-default\" data-id=\"3d23a01e\" data-element_type=\"section\">\n<div class=\"elementor-container elementor-column-gap-default\">\n<div class=\"elementor-column elementor-col-50 elementor-top-column elementor-element elementor-element-5d6ae02b\" data-id=\"5d6ae02b\" data-element_type=\"column\">\n<div class=\"elementor-widget-wrap elementor-element-populated\">\n<div class=\"elementor-element elementor-element-3da2a2b7 elementor-widget elementor-widget-text-editor\" data-id=\"3da2a2b7\" data-element_type=\"widget\" data-widget_type=\"text-editor.default\">\n<div class=\"elementor-widget-container\">\n<p><span>Min drivkraft og motivasjon er \u00e5 bidra til at mennesker kan bli den personen de \u00f8nsker \u00e5 v\u00e6re - og leve det livet de \u00f8nsker \u00e5 leve. Jeg har tidligere jobbet i psykiatrien. I dag jobber jeg ogs\u00e5 som konsulent innen organisasjon og ledelse og er tilknyttet K\u00f8benhavns Universitet som ekstern lektor.  <\/span><\/p>\n<\/div>\n<\/div>\n<\/div>\n<\/div>\n<\/div>\n<\/section>\n<\/div>\n<\/div>\n<p>[\/et_pb_text][\/et_pb_column][\/et_pb_row][\/et_pb_section]<\/p>\n","protected":false},"excerpt":{"rendered":"<p>Jeg brenner for arbeidet mitt som psykolog - og jeg streber etter \u00e5 realisere visjonene mine i selskapet Encounter, der det handler om m\u00f8tet mellom mennesker som f\u00f8rer til nye skritt i riktig retning.Neela Maria Sris, psykolog og grunnlegger av EncounterKvinnen bak Encounter Jeg heter Neela Maria Sris, er utdannet cand.psych.aut., selvstendig praktiserende psykolog og [&hellip;]<\/p>\n","protected":false},"author":3,"featured_media":0,"parent":0,"menu_order":0,"comment_status":"closed","ping_status":"closed","template":"","meta":{"_et_pb_use_builder":"on","_et_pb_old_content":"","_et_gb_content_width":"","footnotes":""},"class_list":["post-3950","page","type-page","status-publish","hentry"],"yoast_head":"<!-- This site is optimized with the Yoast SEO plugin v26.9 - https:\/\/yoast.com\/product\/yoast-seo-wordpress\/ -->\n<title>Kvinnen bak Encounter - Encounter<\/title>\n<meta name=\"robots\" content=\"index, follow, max-snippet:-1, max-image-preview:large, max-video-preview:-1\" \/>\n<link rel=\"canonical\" href=\"https:\/\/www.encounter.dk\/no\/kvinnen-bak-encounter\/\" \/>\n<meta property=\"og:locale\" content=\"nb_NO\" \/>\n<meta property=\"og:type\" content=\"article\" \/>\n<meta property=\"og:title\" content=\"Kvinnen bak Encounter - Encounter\" \/>\n<meta property=\"og:description\" content=\"Jeg brenner for arbeidet mitt som psykolog - og jeg streber etter \u00e5 realisere visjonene mine i selskapet Encounter, der det handler om m\u00f8tet mellom mennesker som f\u00f8rer til nye skritt i riktig retning.Neela Maria Sris, psykolog og grunnlegger av EncounterKvinnen bak Encounter Jeg heter Neela Maria Sris, er utdannet cand.psych.aut., selvstendig praktiserende psykolog og [&hellip;]\" \/>\n<meta property=\"og:url\" content=\"https:\/\/www.encounter.dk\/no\/kvinnen-bak-encounter\/\" \/>\n<meta property=\"og:site_name\" content=\"Encounter\" \/>\n<meta property=\"article:modified_time\" content=\"2025-04-04T02:32:07+00:00\" \/>\n<meta name=\"twitter:card\" content=\"summary_large_image\" \/>\n<meta name=\"twitter:label1\" content=\"Ansl. lesetid\" \/>\n\t<meta name=\"twitter:data1\" content=\"3 minutter\" \/>\n<script type=\"application\/ld+json\" class=\"yoast-schema-graph\">{\"@context\":\"https:\/\/schema.org\",\"@graph\":[{\"@type\":\"WebPage\",\"@id\":\"https:\/\/www.encounter.dk\/no\/kvinnen-bak-encounter\/\",\"url\":\"https:\/\/www.encounter.dk\/no\/kvinnen-bak-encounter\/\",\"name\":\"Kvinnen bak Encounter - Encounter\",\"isPartOf\":{\"@id\":\"https:\/\/www.encounter.dk\/no\/#website\"},\"datePublished\":\"2022-11-23T08:20:08+00:00\",\"dateModified\":\"2025-04-04T02:32:07+00:00\",\"breadcrumb\":{\"@id\":\"https:\/\/www.encounter.dk\/no\/kvinnen-bak-encounter\/#breadcrumb\"},\"inLanguage\":\"nb-NO\",\"potentialAction\":[{\"@type\":\"ReadAction\",\"target\":[\"https:\/\/www.encounter.dk\/no\/kvinnen-bak-encounter\/\"]}]},{\"@type\":\"BreadcrumbList\",\"@id\":\"https:\/\/www.encounter.dk\/no\/kvinnen-bak-encounter\/#breadcrumb\",\"itemListElement\":[{\"@type\":\"ListItem\",\"position\":1,\"name\":\"Hjem\",\"item\":\"https:\/\/www.encounter.dk\/no\/psykologer-som-spesialiserer-seg-paa-korttidsterapi\/\"},{\"@type\":\"ListItem\",\"position\":2,\"name\":\"Kvinnen bak Encounter\"}]},{\"@type\":\"WebSite\",\"@id\":\"https:\/\/www.encounter.dk\/no\/#website\",\"url\":\"https:\/\/www.encounter.dk\/no\/\",\"name\":\"Encounter\",\"description\":\"M\u00f8der der forandrer\",\"potentialAction\":[{\"@type\":\"SearchAction\",\"target\":{\"@type\":\"EntryPoint\",\"urlTemplate\":\"https:\/\/www.encounter.dk\/no\/?s={search_term_string}\"},\"query-input\":{\"@type\":\"PropertyValueSpecification\",\"valueRequired\":true,\"valueName\":\"search_term_string\"}}],\"inLanguage\":\"nb-NO\"}]}<\/script>\n<!-- \/ Yoast SEO plugin. -->","yoast_head_json":{"title":"Kvinnen bak Encounter - Encounter","robots":{"index":"index","follow":"follow","max-snippet":"max-snippet:-1","max-image-preview":"max-image-preview:large","max-video-preview":"max-video-preview:-1"},"canonical":"https:\/\/www.encounter.dk\/no\/kvinnen-bak-encounter\/","og_locale":"nb_NO","og_type":"article","og_title":"Kvinnen bak Encounter - Encounter","og_description":"Jeg brenner for arbeidet mitt som psykolog - og jeg streber etter \u00e5 realisere visjonene mine i selskapet Encounter, der det handler om m\u00f8tet mellom mennesker som f\u00f8rer til nye skritt i riktig retning.Neela Maria Sris, psykolog og grunnlegger av EncounterKvinnen bak Encounter Jeg heter Neela Maria Sris, er utdannet cand.psych.aut., selvstendig praktiserende psykolog og [&hellip;]","og_url":"https:\/\/www.encounter.dk\/no\/kvinnen-bak-encounter\/","og_site_name":"Encounter","article_modified_time":"2025-04-04T02:32:07+00:00","twitter_card":"summary_large_image","twitter_misc":{"Ansl. lesetid":"3 minutter"},"schema":{"@context":"https:\/\/schema.org","@graph":[{"@type":"WebPage","@id":"https:\/\/www.encounter.dk\/no\/kvinnen-bak-encounter\/","url":"https:\/\/www.encounter.dk\/no\/kvinnen-bak-encounter\/","name":"Kvinnen bak Encounter - Encounter","isPartOf":{"@id":"https:\/\/www.encounter.dk\/no\/#website"},"datePublished":"2022-11-23T08:20:08+00:00","dateModified":"2025-04-04T02:32:07+00:00","breadcrumb":{"@id":"https:\/\/www.encounter.dk\/no\/kvinnen-bak-encounter\/#breadcrumb"},"inLanguage":"nb-NO","potentialAction":[{"@type":"ReadAction","target":["https:\/\/www.encounter.dk\/no\/kvinnen-bak-encounter\/"]}]},{"@type":"BreadcrumbList","@id":"https:\/\/www.encounter.dk\/no\/kvinnen-bak-encounter\/#breadcrumb","itemListElement":[{"@type":"ListItem","position":1,"name":"Hjem","item":"https:\/\/www.encounter.dk\/no\/psykologer-som-spesialiserer-seg-paa-korttidsterapi\/"},{"@type":"ListItem","position":2,"name":"Kvinnen bak Encounter"}]},{"@type":"WebSite","@id":"https:\/\/www.encounter.dk\/no\/#website","url":"https:\/\/www.encounter.dk\/no\/","name":"Encounter","description":"M\u00f8der der forandrer","potentialAction":[{"@type":"SearchAction","target":{"@type":"EntryPoint","urlTemplate":"https:\/\/www.encounter.dk\/no\/?s={search_term_string}"},"query-input":{"@type":"PropertyValueSpecification","valueRequired":true,"valueName":"search_term_string"}}],"inLanguage":"nb-NO"}]}},"_links":{"self":[{"href":"https:\/\/www.encounter.dk\/no\/wp-json\/wp\/v2\/pages\/3950","targetHints":{"allow":["GET"]}}],"collection":[{"href":"https:\/\/www.encounter.dk\/no\/wp-json\/wp\/v2\/pages"}],"about":[{"href":"https:\/\/www.encounter.dk\/no\/wp-json\/wp\/v2\/types\/page"}],"author":[{"embeddable":true,"href":"https:\/\/www.encounter.dk\/no\/wp-json\/wp\/v2\/users\/3"}],"replies":[{"embeddable":true,"href":"https:\/\/www.encounter.dk\/no\/wp-json\/wp\/v2\/comments?post=3950"}],"version-history":[{"count":10,"href":"https:\/\/www.encounter.dk\/no\/wp-json\/wp\/v2\/pages\/3950\/revisions"}],"predecessor-version":[{"id":3986,"href":"https:\/\/www.encounter.dk\/no\/wp-json\/wp\/v2\/pages\/3950\/revisions\/3986"}],"wp:attachment":[{"href":"https:\/\/www.encounter.dk\/no\/wp-json\/wp\/v2\/media?parent=3950"}],"curies":[{"name":"wp","href":"https:\/\/api.w.org\/{rel}","templated":true}]}}