{"id":3938,"date":"2022-11-23T09:20:33","date_gmt":"2022-11-23T08:20:33","guid":{"rendered":"https:\/\/www.encounter.dk\/priser\/"},"modified":"2025-04-04T04:31:59","modified_gmt":"2025-04-04T02:31:59","slug":"priser","status":"publish","type":"page","link":"https:\/\/www.encounter.dk\/no\/priser\/","title":{"rendered":"Priser"},"content":{"rendered":"<p>[et_pb_section fb_built=\"1&#8243; _builder_version=\"4.16&#8243; _module_preset=\"default\" global_colors_info=\"{}\"][et_pb_row _builder_version=\"4.16&#8243; _module_preset=\"default\" global_colors_info=\"{}\"][et_pb_column type=\"4_4&#8243; _builder_version=\"4.16&#8243; _module_preset=\"default\" global_colors_info=\"{}\"][et_pb_text _builder_version=\"4.19.1&#8243; _module_preset=\"69cd6944-3663-4ef3-8d15-d898776e0b1c\" text_orientation=\"center\" global_colors_info=\"{}\"]<\/p>\n<h1 class=\"elementor-heading-title elementor-size-default\">Priser<\/h1>\n<p class=\"\">Individuell samtale: DKK 1 250 (50 min.)<br \/>Les mer:<a href=\"https:\/\/www.encounter.dk\/no\/individuelt-program-eller-gruppeprogram\/\"><span> <\/span>Individuell samtale<\/a><\/p>\n<p class=\"\">Individuell r\u00e5dgivning med studentrabatt: DKK 1 050 (50 min.)<br \/>Les mer:<span> <\/span><a href=\"https:\/\/www.encounter.dk\/no\/individuelt-program-eller-gruppeprogram\/\">Individuell r\u00e5dgivning<\/a><\/p>\n<p class=\"\">Kupong for 5 \u00f8kter: DKK 5 500 (5 \u00f8kter \u00e0 50 minutter)<br \/>Les mer:<a href=\"https:\/\/www.encounter.dk\/no\/individuelt-program-eller-gruppeprogram\/\"><span> <\/span>Individuell samtale<\/a><\/p>\n<p class=\"\">Parterapi: DKK 2 500 (100 min.) \/ DKK 1 875 (75 min.)<br \/>Les mer:<span> <\/span><a href=\"http:\/\/encounter.dk\/parterapi\/\">Parterapi<\/a><\/p>\n<p class=\"\">Gruppeterapi: Se under de enkelte gruppene<br \/>Les mer:<span> <\/span><a href=\"https:\/\/www.encounter.dk\/no\/individuelt-program-eller-gruppeprogram\/\">Gruppeprogrammer<\/a><\/p>\n<p>[\/et_pb_text][et_pb_code _builder_version=\"4.19.1&#8243; _module_preset=\"default\" module_alignment=\"center\" custom_margin=\"||||false|false\" global_colors_info=\"{}\"]<\/p>\n<div style=\"text-align: center; margin-top: 40px;\"><!-- [et_pb_line_break_holder] -->\t<a id=\"calendly-inline-button-widget\" data-url=\"https:\/\/calendly.com\/kontakt-246\/indledende-samtale?hide_gdpr_banner=1\" class=\"\" href=\"\" onclick=\"Calendly.initPopupWidget({url: 'https:\/\/calendly.com\/kontakt-246\/indledende-samtale?hide_gdpr_banner=1'});return false;\"\n                   style=\"background-color: #723eff; padding: 20px; font-size:16px; \n                   color:#ffffff;\">Bestill en gratis avklaringssamtale<\/a><!-- [et_pb_line_break_holder] --><\/div>\n<p>[\/et_pb_code][\/et_pb_column][\/et_pb_row][\/et_pb_section]<\/p>\n","protected":false},"excerpt":{"rendered":"<p>Priser Individuell samtale: DKK 1 250 (50 min.)Les mer: Individuell samtale Individuell r\u00e5dgivning med studentrabatt: DKK 1 050 (50 min.)Les mer: Individuell r\u00e5dgivning Kupong for 5 \u00f8kter: DKK 5 500 (5 \u00f8kter \u00e0 50 minutter)Les mer: Individuell samtale Parterapi: DKK 2 500 (100 min.) \/ DKK 1 875 (75 min.)Les mer: Parterapi Gruppeterapi: Se under [&hellip;]<\/p>\n","protected":false},"author":3,"featured_media":0,"parent":0,"menu_order":0,"comment_status":"closed","ping_status":"closed","template":"","meta":{"_et_pb_use_builder":"on","_et_pb_old_content":"","_et_gb_content_width":"","footnotes":""},"class_list":["post-3938","page","type-page","status-publish","hentry"],"yoast_head":"<!-- This site is optimized with the Yoast SEO plugin v26.9 - https:\/\/yoast.com\/product\/yoast-seo-wordpress\/ -->\n<title>Priser - Encounter<\/title>\n<meta name=\"robots\" content=\"index, follow, max-snippet:-1, max-image-preview:large, max-video-preview:-1\" \/>\n<link rel=\"canonical\" href=\"https:\/\/www.encounter.dk\/no\/priser\/\" \/>\n<meta property=\"og:locale\" content=\"nb_NO\" \/>\n<meta property=\"og:type\" content=\"article\" \/>\n<meta property=\"og:title\" content=\"Priser - Encounter\" \/>\n<meta property=\"og:description\" content=\"Priser Individuell samtale: DKK 1 250 (50 min.)Les mer: Individuell samtale Individuell r\u00e5dgivning med studentrabatt: DKK 1 050 (50 min.)Les mer: Individuell r\u00e5dgivning Kupong for 5 \u00f8kter: DKK 5 500 (5 \u00f8kter \u00e0 50 minutter)Les mer: Individuell samtale Parterapi: DKK 2 500 (100 min.) \/ DKK 1 875 (75 min.)Les mer: Parterapi Gruppeterapi: Se under [&hellip;]\" \/>\n<meta property=\"og:url\" content=\"https:\/\/www.encounter.dk\/no\/priser\/\" \/>\n<meta property=\"og:site_name\" content=\"Encounter\" \/>\n<meta property=\"article:modified_time\" content=\"2025-04-04T02:31:59+00:00\" \/>\n<meta name=\"twitter:card\" content=\"summary_large_image\" \/>\n<meta name=\"twitter:label1\" content=\"Ansl. lesetid\" \/>\n\t<meta name=\"twitter:data1\" content=\"1 minutt\" \/>\n<script type=\"application\/ld+json\" class=\"yoast-schema-graph\">{\"@context\":\"https:\/\/schema.org\",\"@graph\":[{\"@type\":\"WebPage\",\"@id\":\"https:\/\/www.encounter.dk\/no\/priser\/\",\"url\":\"https:\/\/www.encounter.dk\/no\/priser\/\",\"name\":\"Priser - Encounter\",\"isPartOf\":{\"@id\":\"https:\/\/www.encounter.dk\/no\/#website\"},\"datePublished\":\"2022-11-23T08:20:33+00:00\",\"dateModified\":\"2025-04-04T02:31:59+00:00\",\"breadcrumb\":{\"@id\":\"https:\/\/www.encounter.dk\/no\/priser\/#breadcrumb\"},\"inLanguage\":\"nb-NO\",\"potentialAction\":[{\"@type\":\"ReadAction\",\"target\":[\"https:\/\/www.encounter.dk\/no\/priser\/\"]}]},{\"@type\":\"BreadcrumbList\",\"@id\":\"https:\/\/www.encounter.dk\/no\/priser\/#breadcrumb\",\"itemListElement\":[{\"@type\":\"ListItem\",\"position\":1,\"name\":\"Hjem\",\"item\":\"https:\/\/www.encounter.dk\/no\/psykologer-som-spesialiserer-seg-paa-korttidsterapi\/\"},{\"@type\":\"ListItem\",\"position\":2,\"name\":\"Priser\"}]},{\"@type\":\"WebSite\",\"@id\":\"https:\/\/www.encounter.dk\/no\/#website\",\"url\":\"https:\/\/www.encounter.dk\/no\/\",\"name\":\"Encounter\",\"description\":\"M\u00f8der der forandrer\",\"potentialAction\":[{\"@type\":\"SearchAction\",\"target\":{\"@type\":\"EntryPoint\",\"urlTemplate\":\"https:\/\/www.encounter.dk\/no\/?s={search_term_string}\"},\"query-input\":{\"@type\":\"PropertyValueSpecification\",\"valueRequired\":true,\"valueName\":\"search_term_string\"}}],\"inLanguage\":\"nb-NO\"}]}<\/script>\n<!-- \/ Yoast SEO plugin. -->","yoast_head_json":{"title":"Priser - Encounter","robots":{"index":"index","follow":"follow","max-snippet":"max-snippet:-1","max-image-preview":"max-image-preview:large","max-video-preview":"max-video-preview:-1"},"canonical":"https:\/\/www.encounter.dk\/no\/priser\/","og_locale":"nb_NO","og_type":"article","og_title":"Priser - Encounter","og_description":"Priser Individuell samtale: DKK 1 250 (50 min.)Les mer: Individuell samtale Individuell r\u00e5dgivning med studentrabatt: DKK 1 050 (50 min.)Les mer: Individuell r\u00e5dgivning Kupong for 5 \u00f8kter: DKK 5 500 (5 \u00f8kter \u00e0 50 minutter)Les mer: Individuell samtale Parterapi: DKK 2 500 (100 min.) \/ DKK 1 875 (75 min.)Les mer: Parterapi Gruppeterapi: Se under [&hellip;]","og_url":"https:\/\/www.encounter.dk\/no\/priser\/","og_site_name":"Encounter","article_modified_time":"2025-04-04T02:31:59+00:00","twitter_card":"summary_large_image","twitter_misc":{"Ansl. lesetid":"1 minutt"},"schema":{"@context":"https:\/\/schema.org","@graph":[{"@type":"WebPage","@id":"https:\/\/www.encounter.dk\/no\/priser\/","url":"https:\/\/www.encounter.dk\/no\/priser\/","name":"Priser - Encounter","isPartOf":{"@id":"https:\/\/www.encounter.dk\/no\/#website"},"datePublished":"2022-11-23T08:20:33+00:00","dateModified":"2025-04-04T02:31:59+00:00","breadcrumb":{"@id":"https:\/\/www.encounter.dk\/no\/priser\/#breadcrumb"},"inLanguage":"nb-NO","potentialAction":[{"@type":"ReadAction","target":["https:\/\/www.encounter.dk\/no\/priser\/"]}]},{"@type":"BreadcrumbList","@id":"https:\/\/www.encounter.dk\/no\/priser\/#breadcrumb","itemListElement":[{"@type":"ListItem","position":1,"name":"Hjem","item":"https:\/\/www.encounter.dk\/no\/psykologer-som-spesialiserer-seg-paa-korttidsterapi\/"},{"@type":"ListItem","position":2,"name":"Priser"}]},{"@type":"WebSite","@id":"https:\/\/www.encounter.dk\/no\/#website","url":"https:\/\/www.encounter.dk\/no\/","name":"Encounter","description":"M\u00f8der der forandrer","potentialAction":[{"@type":"SearchAction","target":{"@type":"EntryPoint","urlTemplate":"https:\/\/www.encounter.dk\/no\/?s={search_term_string}"},"query-input":{"@type":"PropertyValueSpecification","valueRequired":true,"valueName":"search_term_string"}}],"inLanguage":"nb-NO"}]}},"_links":{"self":[{"href":"https:\/\/www.encounter.dk\/no\/wp-json\/wp\/v2\/pages\/3938","targetHints":{"allow":["GET"]}}],"collection":[{"href":"https:\/\/www.encounter.dk\/no\/wp-json\/wp\/v2\/pages"}],"about":[{"href":"https:\/\/www.encounter.dk\/no\/wp-json\/wp\/v2\/types\/page"}],"author":[{"embeddable":true,"href":"https:\/\/www.encounter.dk\/no\/wp-json\/wp\/v2\/users\/3"}],"replies":[{"embeddable":true,"href":"https:\/\/www.encounter.dk\/no\/wp-json\/wp\/v2\/comments?post=3938"}],"version-history":[{"count":1,"href":"https:\/\/www.encounter.dk\/no\/wp-json\/wp\/v2\/pages\/3938\/revisions"}],"predecessor-version":[{"id":3941,"href":"https:\/\/www.encounter.dk\/no\/wp-json\/wp\/v2\/pages\/3938\/revisions\/3941"}],"wp:attachment":[{"href":"https:\/\/www.encounter.dk\/no\/wp-json\/wp\/v2\/media?parent=3938"}],"curies":[{"name":"wp","href":"https:\/\/api.w.org\/{rel}","templated":true}]}}