{"id":3894,"date":"2023-06-27T14:56:16","date_gmt":"2023-06-27T12:56:16","guid":{"rendered":"https:\/\/www.encounter.dk\/online-terapiprogrammer\/"},"modified":"2025-04-04T04:31:51","modified_gmt":"2025-04-04T02:31:51","slug":"online-terapiprogrammer","status":"publish","type":"page","link":"https:\/\/www.encounter.dk\/no\/online-terapiprogrammer\/","title":{"rendered":"Online terapiprogrammer"},"content":{"rendered":"<p>[et_pb_section fb_built=\"1&#8243; _builder_version=\"4.16&#8243; _module_preset=\"default\" custom_padding=\"||0px|||\" global_colors_info=\"{}\"][et_pb_row column_structure=\"3_5,2_5&#8243; _builder_version=\"4.16&#8243; _module_preset=\"default\" global_colors_info=\"{}\"][et_pb_column type=\"3_5&#8243; disabled_on=\"off|off|off\" _builder_version=\"4.16&#8243; _module_preset=\"default\" global_colors_info=\"{}\"][et_pb_text _builder_version=\"4.19.1&#8243; _module_preset=\"69cd6944-3663-4ef3-8d15-d898776e0b1c\" header_text_color=\"#383838&#8243; header_2_font_size=\"3vw\" global_colors_info=\"{}\"]<\/p>\n<h1>Online terapiprogrammer<\/h1>\n<div id=\"block-yui_3_17_2_1_1563810935942_11518\" class=\"sqs-block html-block sqs-block-html\" data-block-type=\"2\">\n<div class=\"sqs-block-content\">\n<p><strong><\/strong><\/p>\n<p><strong>Du velger selv: Ansikt til ansikt eller p\u00e5 nett<br \/><\/strong>Vi lever i en verden i konstant bevegelse, og tiden din er dyrebar. Derfor tilbyr vi b\u00e5de personlig og nettbasert r\u00e5dgivning. Du kan velge \u00e5 sitte overfor psykologen i en av v\u00e5re innbydende klinikker, eller du kan benytte deg av fleksibiliteten ved \u00e5 delta i terapi p\u00e5 nettet.  <\/p>\n<p><strong>Effektivitet og fleksibilitet med nettbasert terapi<br \/><\/strong>Stadig flere velger \u00e5 delta i psykologisk r\u00e5dgivning p\u00e5 nett p\u00e5 grunn av de mange fordelene det gir. Nettbasert terapi gir stor fleksibilitet, bedre tilgjengelighet og besparelser i reisetid og -kostnader. Forskning viser at nettbasert terapi er like effektivt som terapi ansikt til ansikt. V\u00e5r brukervennlige plattform sikrer at du f\u00e5r den beste opplevelsen med h\u00f8y datasikkerhet.   <\/p>\n<p><strong>Ta det f\u00f8rste skrittet mot nettbasert terapi i dag<\/strong><span> <br \/><\/span><span>Er du klar til \u00e5 omfavne fordelene som online terapi tilbyr? Ring oss p\u00e5   <\/span><a href=\"tel:70602021\"><strong>70 60 20 21<\/strong><\/a><span>  for \u00e5 bestille time, eller bruk knappen nedenfor for \u00e5 bestille en gratis avklaringssamtale. Din velv\u00e6re er bare et klikk unna. <\/span><\/p>\n<\/div>\n<\/div>\n<p>[\/et_pb_text][et_pb_code _builder_version=\"4.19.1&#8243; _module_preset=\"default\" custom_margin=\"||||false|false\" custom_padding=\"13px||||false|false\" global_colors_info=\"{}\" locked=\"off\"]<a id=\"calendly-inline-button-widget\" data-url=\"https:\/\/calendly.com\/d\/cj9x-mnf-b3p\/indledende-samtale-gratis?hide_gdpr_banner=1\" class=\"\" href=\"\" onclick=\"Calendly.initPopupWidget({url: 'https:\/\/calendly.com\/d\/cj9x-mnf-b3p\/indledende-samtale-gratis?hide_gdpr_banner=1'});return false;\" style=\"background-color: #723eff; padding: 20px; border-radius: 5px; font-size:16px; &lt;!-- [et_pb_line_break_holder] --&gt;                   color:#ffffff;\"><strong>Bestill en gratis avklaringssamtale<\/strong><\/a>[\/et_pb_code][et_pb_image src=\"https:\/\/www.encounter.dk\/wp-content\/uploads\/2023\/04\/green_stars.png\" _builder_version=\"4.19.1&#8243; _module_preset=\"default\" height=\"24px\" custom_padding=\"15px||||false|false\" global_colors_info=\"{}\" custom_margin__hover_enabled=\"off|desktop\" locked=\"off\"][\/et_pb_image][et_pb_text _builder_version=\"4.19.1&#8243; _module_preset=\"default\" text_letter_spacing=\"-0.4px\" custom_margin=\"-30px||||false|false\" global_colors_info=\"{}\" locked=\"off\"]<\/p>\n<p><strong>Utmerket<\/strong> - 5 stjerner p\u00e5 Google<\/p>\n<p>[\/et_pb_text][\/et_pb_column][et_pb_column type=\"2_5&#8243; _builder_version=\"4.16&#8243; _module_preset=\"default\" global_colors_info=\"{}\"][et_pb_image src=\"https:\/\/www.encounter.dk\/wp-content\/uploads\/2022\/12\/Simple_shapes_01.png\" title_text=\"Enkle_former_01&#8243; _builder_version=\"4.19.1&#8243; _module_preset=\"default\" global_colors_info=\"{}\" custom_margin=\"||-4px|||\"][\/et_pb_image][et_pb_text _builder_version=\"4.19.1&#8243; _module_preset=\"7b1c1dfe-8dae-4eff-bd41-993c6da2e5ca\" text_font=\"Antic Didone|300|||||||\" text_text_color=\"#723EFF\" text_font_size=\"26px\" locked=\"off\" global_colors_info=\"{}\" custom_margin=\"||14px|||\"]<\/p>\n<p><span>\"Du kan selvf\u00f8lgelig ta kurset ditt hos Encounter som et helt eller delvis nettbasert program.\"<\/span><\/p>\n<p>[\/et_pb_text][et_pb_text _builder_version=\"4.16&#8243; _module_preset=\"7b1c1dfe-8dae-4eff-bd41-993c6da2e5ca\" locked=\"off\" global_colors_info=\"{}\"]<\/p>\n<p><span>Neela Maria Sris, psykolog og grunnlegger av Encounter<\/span><\/p>\n<p>[\/et_pb_text][\/et_pb_column][\/et_pb_row][et_pb_row column_structure=\"3_5,2_5&#8243; _builder_version=\"4.16&#8243; _module_preset=\"default\" custom_padding=\"||||false|false\" global_colors_info=\"{}\"][et_pb_column type=\"3_5&#8243; _builder_version=\"4.16&#8243; _module_preset=\"default\" custom_padding=\"|5vw|||false|false\" custom_padding_tablet=\"|0vw|||false|false\" custom_padding_phone=\"\" custom_padding_last_edited=\"on|tablet\" global_colors_info=\"{}\"][et_pb_text _builder_version=\"4.19.1&#8243; _module_preset=\"69cd6944-3663-4ef3-8d15-d898776e0b1c\" header_text_color=\"#723EFF\" header_font_size=\"3vw\" header_2_font_size=\"3vw\" hover_enabled=\"0&#8243; header_font_size_tablet=\"5vw\" header_font_size_phone=\"8vw\" header_font_size_last_edited=\"on|desktop\" header_2_font_size_tablet=\"5vw\" header_2_font_size_phone=\"8vw\" global_colors_info=\"{}\" sticky_enabled=\"0&#8243;]<\/p>\n<div class=\"elementor-element elementor-element-7757a9c elementor-widget elementor-widget-heading\" data-id=\"7757a9c\" data-element_type=\"widget\" data-widget_type=\"heading.default\">\n<div class=\"elementor-widget-container\">\n<h3 class=\"elementor-heading-title elementor-size-large\">Dine fordeler med online terapi:<\/h3>\n<\/div>\n<\/div>\n<div class=\"elementor-element elementor-element-4725627 elementor-widget elementor-widget-text-editor\" data-id=\"4725627\" data-element_type=\"widget\" data-widget_type=\"text-editor.default\">\n<div class=\"elementor-widget-container\">\n<ul>\n<li><strong>Tidsbesparende:<\/strong> Unng\u00e5 reisetid, og planlegg behandlingen etter din travle timeplan.<\/li>\n<li><strong>Hjemmekomfort:<\/strong> F\u00e5 terapi i trygge og komfortable omgivelser - i ditt eget hjem.<\/li>\n<li><strong>Fleksible tid<\/strong> spunkter: Lettere \u00e5 finne tidspunkter som passer inn i kalenderen din.<\/li>\n<li><strong>Evidensbasert effektivitet:<\/strong> Forskning viser at <strong>nettbasert<\/strong> terapi er like effektivt som personlig terapi.<\/li>\n<li><strong>Positive erfaringer:<\/strong> Vi har hatt stor suksess og sv\u00e6rt positive erfaringer med nettbaserte programmer.<\/li>\n<li><strong>B\u00e6rekraft:<\/strong> V\u00e6r milj\u00f8bevisst ved \u00e5 redusere behovet for transport.<\/li>\n<\/ul>\n<p>&nbsp;<\/p>\n<\/div>\n<\/div>\n<p>[\/et_pb_text][\/et_pb_column][et_pb_column type=\"2_5&#8243; _builder_version=\"4.16&#8243; _module_preset=\"default\" global_colors_info=\"{}\"][\/et_pb_column][\/et_pb_row][\/et_pb_section][et_pb_section fb_built=\"1&#8243; _builder_version=\"4.16&#8243; _module_preset=\"default\" background_enable_image=\"off\" custom_padding=\"0px||||false|false\" global_colors_info=\"{}\"][et_pb_row custom_padding_last_edited=\"on|phone\" _builder_version=\"4.16&#8243; _module_preset=\"default\" background_image=\"https:\/\/www.encounter.dk\/wp-content\/uploads\/2022\/11\/Online.jpeg\" width_tablet=\"100%\" width_phone=\"\" width_last_edited=\"on|tablet\" custom_padding=\"32vh||32vh||true|false\" custom_padding_tablet=\"25vh||25vh||true|false\" custom_padding_phone=\"19vh||19vh||true|false\" global_colors_info=\"{}\"][et_pb_column type=\"4_4&#8243; _builder_version=\"4.16&#8243; _module_preset=\"default\" global_colors_info=\"{}\"][\/et_pb_column][\/et_pb_row][et_pb_row _builder_version=\"4.19.1&#8243; _module_preset=\"default\" custom_padding=\"86px||3px|||\" locked=\"off\"][et_pb_column _builder_version=\"4.19.1&#8243; _module_preset=\"default\" type=\"4_4&#8243;][et_pb_text _builder_version=\"4.19.1&#8243; _module_preset=\"default\" hover_enabled=\"0&#8243; sticky_enabled=\"0&#8243;]<\/p>\n<h2><strong>Vanlige problemer som terapi kan hjelpe deg med<\/strong><\/h2>\n<p>Klikk p\u00e5 et emne for \u00e5 finne ut mer om hvordan vi kan hjelpe deg.<\/p>\n<p>[\/et_pb_text][\/et_pb_column][\/et_pb_row][et_pb_row _builder_version=\"4.19.1&#8243; _module_preset=\"default\" column_structure=\"1_2,1_2&#8243; custom_padding=\"39px||26px|||\" locked=\"off\"][et_pb_column _builder_version=\"4.19.1&#8243; _module_preset=\"default\" type=\"1_2&#8243;][et_pb_text _builder_version=\"4.19.1&#8243; _module_preset=\"default\" hover_enabled=\"0&#8243; sticky_enabled=\"0&#8243;]<\/p>\n<ul>\n<li><a href=\"https:\/\/www.encounter.dk\/angst\/\"><strong>Angst : Angst<\/strong><\/a>: Overvinn frykt og bekymring for et roligere sinn.<\/li>\n<li><a href=\"https:\/\/www.encounter.dk\/depression\/\"><strong>Depresjon<\/strong><\/a>: Finn h\u00e5p og retning i behandlingen av tristhet og apati.<\/li>\n<li><a href=\"https:\/\/www.encounter.dk\/no\/eksistensialistiske-spoersmaal\/\"><strong>Eksistensialistiske sp\u00f8rsm\u00e5l<\/strong><\/a>: Utforsk meningen med livet og finn balanse.<\/li>\n<li><a href=\"https:\/\/www.encounter.dk\/coaching\/\"><strong>Coaching : Personlig veiledning for \u00e5 n\u00e5 dine m\u00e5l.<\/strong><\/a>: Personlig veiledning for \u00e5 n\u00e5 dine m\u00e5l og realisere ditt potensial.<\/li>\n<li><a href=\"https:\/\/www.encounter.dk\/no\/familieproblemer\/\"><strong>Familieproblemer<\/strong><\/a>: Styrke familieb\u00e5ndene og l\u00e6re \u00e5 h\u00e5ndtere konflikter.<\/li>\n<li><a href=\"https:\/\/www.encounter.dk\/parforholdsproblematikker\/\"><strong>Problemer i parforholdet<\/strong><\/a>Forny og gjenoppbygg parforholdet med effektive strategier.<\/li>\n<li><a href=\"\/paaroerende-samtale\"><strong>P\u00e5r\u00f8rendesamtaler<\/strong><\/a>: F\u00e5 st\u00f8tte og veiledning som p\u00e5r\u00f8rende til noen som sliter med psykisk helse.<\/li>\n<\/ul>\n<p>[\/et_pb_text][\/et_pb_column][et_pb_column _builder_version=\"4.19.1&#8243; _module_preset=\"default\" type=\"1_2&#8243;][et_pb_text _builder_version=\"4.19.1&#8243; _module_preset=\"default\" hover_enabled=\"0&#8243; sticky_enabled=\"0&#8243;]<\/p>\n<ul>\n<li><a href=\"https:\/\/www.encounter.dk\/selvvaerdsproblematikker\/\"><strong>Problemer med selvf\u00f8lelsen<\/strong><\/a>: Forbedre selvbilde og selvaksept.<\/li>\n<li><a href=\"https:\/\/www.encounter.dk\/no\/problemer-med-selvtillit\/\"><strong>Problemer med selvtillit<\/strong><\/a>: Bygg selvtillit og styrk troen p\u00e5 egne evner.<\/li>\n<li><a href=\"\/personlig-udvikling\"><strong>Personlig utvikling<\/strong><\/a>: Bli den beste utgaven av deg selv gjennom selvoppdagelse og vekst.<\/li>\n<li><a href=\"https:\/\/www.encounter.dk\/spiseforstyrrelse\/\"><strong>Spiseforstyrrelse<\/strong><\/a>: F\u00e5 hjelp og st\u00f8tte til \u00e5 overvinne spiseforstyrrelser.<\/li>\n<li><a href=\"https:\/\/www.encounter.dk\/skilsmisse\/\"><strong>Skilsmisse<\/strong><\/a>: Navigere gjennom de f\u00f8lelsesmessige utfordringene og endringene en skilsmisse medf\u00f8rer.<\/li>\n<li><a href=\"https:\/\/www.encounter.dk\/stress\/\"><strong>Stress : L\u00e6r hvordan du kan h\u00e5ndtere stress<\/strong><\/a>: L\u00e6r hvordan du kan h\u00e5ndtere og redusere stress for \u00e5 f\u00e5 et sunnere liv.<\/li>\n<li><a href=\"https:\/\/www.encounter.dk\/sorg\/\"><strong>Sorg : Finn tr\u00f8st og helbredelse gjennom sorgens reise.<\/strong><\/a>Finn tr\u00f8st og helbredelse gjennom sorgens reise.<\/li>\n<\/ul>\n<p>[\/et_pb_text][\/et_pb_column][\/et_pb_row][et_pb_row _builder_version=\"4.19.1&#8243; _module_preset=\"default\" custom_padding=\"0px|||||\" locked=\"off\"][et_pb_column _builder_version=\"4.19.1&#8243; _module_preset=\"default\" type=\"4_4&#8243;][et_pb_code _builder_version=\"4.19.1&#8243; _module_preset=\"default\" custom_margin=\"||||false|false\" custom_padding=\"13px||||false|false\" locked=\"off\" global_colors_info=\"{}\"]<a id=\"calendly-inline-button-widget\" data-url=\"https:\/\/calendly.com\/d\/cj9x-mnf-b3p\/indledende-samtale-gratis?hide_gdpr_banner=1\" class=\"\" href=\"\" onclick=\"Calendly.initPopupWidget({url: 'https:\/\/calendly.com\/d\/cj9x-mnf-b3p\/indledende-samtale-gratis?hide_gdpr_banner=1'});return false;\" style=\"background-color: #723eff; padding: 20px; border-radius: 5px; font-size:16px; &lt;!-- [et_pb_line_break_holder] --&gt;                   color:#ffffff;\"><strong>Bestill en gratis avklaringssamtale<\/strong><\/a>[\/et_pb_code][\/et_pb_column][\/et_pb_row][\/et_pb_section]<\/p>\n","protected":false},"excerpt":{"rendered":"<p>Online terapiprogrammer Du velger selv: Ansikt til ansikt eller p\u00e5 nettVi lever i en verden i konstant bevegelse, og tiden din er dyrebar. Derfor tilbyr vi b\u00e5de personlig og nettbasert r\u00e5dgivning. Du kan velge \u00e5 sitte overfor psykologen i en av v\u00e5re innbydende klinikker, eller du kan benytte deg av fleksibiliteten ved \u00e5 delta i [&hellip;]<\/p>\n","protected":false},"author":9,"featured_media":0,"parent":0,"menu_order":0,"comment_status":"closed","ping_status":"closed","template":"","meta":{"_et_pb_use_builder":"on","_et_pb_old_content":"","_et_gb_content_width":"","footnotes":""},"class_list":["post-3894","page","type-page","status-publish","hentry"],"yoast_head":"<!-- This site is optimized with the Yoast SEO plugin v26.9 - https:\/\/yoast.com\/product\/yoast-seo-wordpress\/ -->\n<title>Online terapiprogrammer - Encounter<\/title>\n<meta name=\"robots\" content=\"index, follow, max-snippet:-1, max-image-preview:large, max-video-preview:-1\" \/>\n<link rel=\"canonical\" href=\"https:\/\/www.encounter.dk\/no\/online-terapiprogrammer\/\" \/>\n<meta property=\"og:locale\" content=\"nb_NO\" \/>\n<meta property=\"og:type\" content=\"article\" \/>\n<meta property=\"og:title\" content=\"Online terapiprogrammer - Encounter\" \/>\n<meta property=\"og:description\" content=\"Online terapiprogrammer Du velger selv: Ansikt til ansikt eller p\u00e5 nettVi lever i en verden i konstant bevegelse, og tiden din er dyrebar. Derfor tilbyr vi b\u00e5de personlig og nettbasert r\u00e5dgivning. Du kan velge \u00e5 sitte overfor psykologen i en av v\u00e5re innbydende klinikker, eller du kan benytte deg av fleksibiliteten ved \u00e5 delta i [&hellip;]\" \/>\n<meta property=\"og:url\" content=\"https:\/\/www.encounter.dk\/no\/online-terapiprogrammer\/\" \/>\n<meta property=\"og:site_name\" content=\"Encounter\" \/>\n<meta property=\"article:modified_time\" content=\"2025-04-04T02:31:51+00:00\" \/>\n<meta name=\"twitter:card\" content=\"summary_large_image\" \/>\n<meta name=\"twitter:label1\" content=\"Ansl. lesetid\" \/>\n\t<meta name=\"twitter:data1\" content=\"6 minutter\" \/>\n<script type=\"application\/ld+json\" class=\"yoast-schema-graph\">{\"@context\":\"https:\/\/schema.org\",\"@graph\":[{\"@type\":\"WebPage\",\"@id\":\"https:\/\/www.encounter.dk\/no\/online-terapiprogrammer\/\",\"url\":\"https:\/\/www.encounter.dk\/no\/online-terapiprogrammer\/\",\"name\":\"Online terapiprogrammer - Encounter\",\"isPartOf\":{\"@id\":\"https:\/\/www.encounter.dk\/no\/#website\"},\"datePublished\":\"2023-06-27T12:56:16+00:00\",\"dateModified\":\"2025-04-04T02:31:51+00:00\",\"breadcrumb\":{\"@id\":\"https:\/\/www.encounter.dk\/no\/online-terapiprogrammer\/#breadcrumb\"},\"inLanguage\":\"nb-NO\",\"potentialAction\":[{\"@type\":\"ReadAction\",\"target\":[\"https:\/\/www.encounter.dk\/no\/online-terapiprogrammer\/\"]}]},{\"@type\":\"BreadcrumbList\",\"@id\":\"https:\/\/www.encounter.dk\/no\/online-terapiprogrammer\/#breadcrumb\",\"itemListElement\":[{\"@type\":\"ListItem\",\"position\":1,\"name\":\"Hjem\",\"item\":\"https:\/\/www.encounter.dk\/no\/psykologer-som-spesialiserer-seg-paa-korttidsterapi\/\"},{\"@type\":\"ListItem\",\"position\":2,\"name\":\"Online terapiprogrammer\"}]},{\"@type\":\"WebSite\",\"@id\":\"https:\/\/www.encounter.dk\/no\/#website\",\"url\":\"https:\/\/www.encounter.dk\/no\/\",\"name\":\"Encounter\",\"description\":\"M\u00f8der der forandrer\",\"potentialAction\":[{\"@type\":\"SearchAction\",\"target\":{\"@type\":\"EntryPoint\",\"urlTemplate\":\"https:\/\/www.encounter.dk\/no\/?s={search_term_string}\"},\"query-input\":{\"@type\":\"PropertyValueSpecification\",\"valueRequired\":true,\"valueName\":\"search_term_string\"}}],\"inLanguage\":\"nb-NO\"}]}<\/script>\n<!-- \/ Yoast SEO plugin. -->","yoast_head_json":{"title":"Online terapiprogrammer - Encounter","robots":{"index":"index","follow":"follow","max-snippet":"max-snippet:-1","max-image-preview":"max-image-preview:large","max-video-preview":"max-video-preview:-1"},"canonical":"https:\/\/www.encounter.dk\/no\/online-terapiprogrammer\/","og_locale":"nb_NO","og_type":"article","og_title":"Online terapiprogrammer - Encounter","og_description":"Online terapiprogrammer Du velger selv: Ansikt til ansikt eller p\u00e5 nettVi lever i en verden i konstant bevegelse, og tiden din er dyrebar. Derfor tilbyr vi b\u00e5de personlig og nettbasert r\u00e5dgivning. Du kan velge \u00e5 sitte overfor psykologen i en av v\u00e5re innbydende klinikker, eller du kan benytte deg av fleksibiliteten ved \u00e5 delta i [&hellip;]","og_url":"https:\/\/www.encounter.dk\/no\/online-terapiprogrammer\/","og_site_name":"Encounter","article_modified_time":"2025-04-04T02:31:51+00:00","twitter_card":"summary_large_image","twitter_misc":{"Ansl. lesetid":"6 minutter"},"schema":{"@context":"https:\/\/schema.org","@graph":[{"@type":"WebPage","@id":"https:\/\/www.encounter.dk\/no\/online-terapiprogrammer\/","url":"https:\/\/www.encounter.dk\/no\/online-terapiprogrammer\/","name":"Online terapiprogrammer - Encounter","isPartOf":{"@id":"https:\/\/www.encounter.dk\/no\/#website"},"datePublished":"2023-06-27T12:56:16+00:00","dateModified":"2025-04-04T02:31:51+00:00","breadcrumb":{"@id":"https:\/\/www.encounter.dk\/no\/online-terapiprogrammer\/#breadcrumb"},"inLanguage":"nb-NO","potentialAction":[{"@type":"ReadAction","target":["https:\/\/www.encounter.dk\/no\/online-terapiprogrammer\/"]}]},{"@type":"BreadcrumbList","@id":"https:\/\/www.encounter.dk\/no\/online-terapiprogrammer\/#breadcrumb","itemListElement":[{"@type":"ListItem","position":1,"name":"Hjem","item":"https:\/\/www.encounter.dk\/no\/psykologer-som-spesialiserer-seg-paa-korttidsterapi\/"},{"@type":"ListItem","position":2,"name":"Online terapiprogrammer"}]},{"@type":"WebSite","@id":"https:\/\/www.encounter.dk\/no\/#website","url":"https:\/\/www.encounter.dk\/no\/","name":"Encounter","description":"M\u00f8der der forandrer","potentialAction":[{"@type":"SearchAction","target":{"@type":"EntryPoint","urlTemplate":"https:\/\/www.encounter.dk\/no\/?s={search_term_string}"},"query-input":{"@type":"PropertyValueSpecification","valueRequired":true,"valueName":"search_term_string"}}],"inLanguage":"nb-NO"}]}},"_links":{"self":[{"href":"https:\/\/www.encounter.dk\/no\/wp-json\/wp\/v2\/pages\/3894","targetHints":{"allow":["GET"]}}],"collection":[{"href":"https:\/\/www.encounter.dk\/no\/wp-json\/wp\/v2\/pages"}],"about":[{"href":"https:\/\/www.encounter.dk\/no\/wp-json\/wp\/v2\/types\/page"}],"author":[{"embeddable":true,"href":"https:\/\/www.encounter.dk\/no\/wp-json\/wp\/v2\/users\/9"}],"replies":[{"embeddable":true,"href":"https:\/\/www.encounter.dk\/no\/wp-json\/wp\/v2\/comments?post=3894"}],"version-history":[{"count":1,"href":"https:\/\/www.encounter.dk\/no\/wp-json\/wp\/v2\/pages\/3894\/revisions"}],"predecessor-version":[{"id":3900,"href":"https:\/\/www.encounter.dk\/no\/wp-json\/wp\/v2\/pages\/3894\/revisions\/3900"}],"wp:attachment":[{"href":"https:\/\/www.encounter.dk\/no\/wp-json\/wp\/v2\/media?parent=3894"}],"curies":[{"name":"wp","href":"https:\/\/api.w.org\/{rel}","templated":true}]}}