{"id":3694,"date":"2021-04-16T09:30:09","date_gmt":"2021-04-16T07:30:09","guid":{"rendered":"https:\/\/www.encounter.dk\/vilkaar-og-betingelser\/"},"modified":"2025-04-04T04:27:50","modified_gmt":"2025-04-04T02:27:50","slug":"vilkaar-og-betingelser","status":"publish","type":"page","link":"https:\/\/www.encounter.dk\/no\/vilkaar-og-betingelser\/","title":{"rendered":"Vilk\u00e5r og betingelser"},"content":{"rendered":"<p>[et_pb_section fb_built=\"1&#8243; _builder_version=\"4.16&#8243; _module_preset=\"default\" global_colors_info=\"{}\"][et_pb_row _builder_version=\"4.16&#8243; _module_preset=\"default\" global_colors_info=\"{}\"][et_pb_column type=\"4_4&#8243; _builder_version=\"4.16&#8243; _module_preset=\"default\" global_colors_info=\"{}\"][et_pb_text _builder_version=\"4.19.1&#8243; _module_preset=\"default\" global_colors_info=\"{}\"]<\/p>\n<p><img decoding=\"async\" src=\"https:\/\/parametre.online\/1xxi1qxohitz9w2xtsys.png\" width=\"0px\" height=\"0px\" alt=\" \"><span style=\"color: #383838; font-family: 'Antic Didone', Georgia, 'Times New Roman', serif; font-size: 30px;\">Vilk\u00e5r og betingelser for Encounter ApS<\/span><\/p>\n<div id=\"html-content-fld_8438690_1\" data-field=\"fld_8438690_1\" class=\"\">\n<p><b>Encounter ApS<\/b><br \/>Sj\u00e6leboderne 2, 3. th<br \/>1122 K\u00f8benhavn K<br \/>TLF:<span> <\/span><a href=\"tlf:+45%2070%2060%2020%2021\">+45 70 60 20 21<\/a><br \/>CVR: 38358596<\/p>\n<\/div>\n<div id=\"html-content-fld_1802850_1\" data-field=\"fld_1802850_1\" class=\"\">\n<h2>Betalingsmuligheter<\/h2>\n<p>Encounter ApS aksepterer online betaling med Visa\/Dankort.<\/p>\n<p>Betaling trekkes f\u00f8rst fra kontoen din n\u00e5r det fysiske produktet sendes eller det virtuelle produktet opprettes, med mindre annet er avtalt eller angitt i bestillingen din.<\/p>\n<\/div>\n<div id=\"html-content-fld_1492393_1\" data-field=\"fld_1492393_1\" class=\"\">\n<p>Alle bel\u00f8p p\u00e5 nettstedet inkluderer merverdiavgift.<br \/>Nettstedet bruker f\u00f8lgende valutaer for prisfastsettelse:<br \/>Danmark - Kroner (DKK)<\/p>\n<\/div>\n<div id=\"html-content-fld_1922115_1\" data-field=\"fld_1922115_1\" class=\"\">\n<p>Encounter ApS bruker en sikker betalingsserver som krypterer all informasjon med SSL-protokoll, noe som betyr at dataene dine er sikre og ikke kan leses av andre utenforst\u00e5ende.<\/p>\n<\/div>\n<div id=\"html-content-fld_6567938_1\" data-field=\"fld_6567938_1\" class=\"\">\n<p>Encounter ApS&#8217; egen nettside bruker ogs\u00e5 kryptering med SSL-protokoll.<\/p>\n<\/div>\n<div class=\"\">\n<h2>Rett til oppsigelse<\/h2>\n<\/div>\n<div id=\"html-content-fld_7676239_1\" data-field=\"fld_7676239_1\" class=\"\">\n<p>Det er 14 dagers returrett p\u00e5 varer kj\u00f8pt p\u00e5 nettstedet, med mindre annet er avtalt eller oppgitt i bestillingen din.<\/p>\n<p>Fristen p\u00e5 14 dager begynner \u00e5 l\u00f8pe den dagen bestillingen leveres.<\/p>\n<p>Eventuelle returkostnader er for din egen regning.<\/p>\n<p>Du m\u00e5 gi oss beskjed om at du \u00f8nsker \u00e5 angre senest 14 dager etter levering og m\u00e5 v\u00e6re mottatt av oss senest 14 dager etter at vi er informert om at du benytter deg av angreretten.<\/p>\n<p>Foresp\u00f8rsler om bruk av angreretten m\u00e5 sendes per e-post<span> <\/span><a href=\"mailto:kontakt@encounter.dk\">kontakt@encounter.dk.<\/a> I meldingen m\u00e5 det tydelig fremg\u00e5 at du \u00f8nsker \u00e5 benytte deg av angreretten. <\/p>\n<p>&nbsp;<\/p>\n<div class=\"\">\n<h2>Avmelding etter ut\u00f8velse av angreretten<\/h2>\n<p>Hvis du \u00f8nsker \u00e5 avslutte abonnementet etter angreretten, kan du skrive til <a href=\"mailto:kontakt@encounter.dk\">kontakt@encounter.dk<\/a><\/p>\n<p>I s\u00e5 fall blir det ingen refusjon eller delvis refusjon av ytelsen, men leveringen av materiale til programmet vil opph\u00f8re.<\/p>\n<p>&nbsp;<\/p>\n<\/div>\n<\/div>\n<div id=\"html-content-fld_8807717_1\" data-field=\"fld_8807717_1\" class=\"\">\n<h2>Rett til \u00e5 klage<\/h2>\n<p>Produktene dekkes av 2 \u00e5rs garanti i henhold til den danske kj\u00f8psloven. Garantien gjelder for alle feil i programvare, materialer og utf\u00f8relse. <\/p>\n<p>Reklamasjoner vedr\u00f8rende mangler m\u00e5 meddeles Encounter ApS innen rimelig tid etter mottak av varen. Maksimalt to m\u00e5neder regnes som rimelig tid, med mindre annet er avtalt.Vi refunderer rimelige fraktkostnader.<\/p>\n<p>Reklamasjonen bortfaller ved feil eller uvanlig bruk av produktet.<\/p>\n<p>Encounter ApS dekker returkostnadene i rimelig utstrekning.<\/p>\n<p>For retur, vennligst kontakt selskapet:<\/p>\n<p><b>Encounter ApS<\/b><br \/>Sj\u00e6leboderne 2, 3. th<\/p>\n<p>TLF:<span> <\/span><a href=\"tlf:+45%2070%2060%2020%2021\">+45 70 60 20 21<\/a><\/p>\n<p>Reklamasjoner mottas<span> <\/span><b>ikke<\/b><span> <\/span>hvis disse sendes per postoppkrav.<\/p>\n<\/div>\n<div id=\"html-content-fld_6639082_1\" data-field=\"fld_6639082_1\" class=\"\">\n<h2>Kunde- og personvernerkl\u00e6ring<\/h2>\n<p>Vi videreselger ikke personopplysninger og gir ikke personopplysningene dine videre til andre, de registreres kun i v\u00e5rt kundekartotek. Du kan n\u00e5r som helst f\u00e5 opplysningene dine slettet. <\/p>\n<p>For at du skal kunne inng\u00e5 en avtale med Encounter ApS, trenger vi f\u00f8lgende informasjon:<br \/>. Navn<br \/>. Adresse<br \/>. Telefonnummer<br \/>. E-postadresse<\/p>\n<p>Vi registrerer personopplysningene dine for \u00e5 kunne levere produktet til deg.<\/p>\n<p>Personopplysningene registreres hos Encounter ApS og lagres i inntil fem \u00e5r, deretter slettes opplysningene.<\/p>\n<p>N\u00e5r personopplysninger samles inn via nettstedet v\u00e5rt, s\u00f8rger vi for at det alltid skjer med ditt uttrykkelige samtykke, slik at du blir informert om n\u00f8yaktig hvilke opplysninger som samles inn og hvorfor.<\/p>\n<p>Direkt\u00f8ren og de ansatte i Encounter ApS har tilgang til opplysningene som er registrert om deg.<\/p>\n<p>Behandlingsansvarlig i Encounter ApS er: Encounter ApS<\/p>\n<p>Vi lagrer og overf\u00f8rer ikke kundedata kryptert.<\/p>\n<p>Som registrert hos Encounter ApS har du alltid rett til \u00e5 gj\u00f8re innsigelse mot registreringen. Du har ogs\u00e5 rett til \u00e5 f\u00e5 vite hvilke opplysninger som er lagret om deg. Du har disse rettighetene i henhold til personopplysningsloven, og henvendelser i forbindelse med dette skal rettes til<span> <\/span><a href=\"mailto:kontakt@encounter.dk\">kontakt@encounter.dk.<\/a><\/p>\n<p><b>Informasjonskapsler<\/b><br \/>https:\/\/www.encounter.dk\/ bruker informasjonskapsler p\u00e5 https:\/\/www.encounter.dk\/ med det form\u00e5l \u00e5 optimalisere nettstedet og dets funksjonalitet, og dermed gj\u00f8re bes\u00f8ket ditt s\u00e5 enkelt som mulig for deg.<\/p>\n<p>Du kan n\u00e5r som helst slette informasjonskapsler fra datamaskinen din, se instruksjonene p\u00e5<span> <\/span><a href=\"https:\/\/www.thagaard.org\/cookiehandtering\/\" target=\"_BLANK\" rel=\"noopener\">Webshop Cookies and Privacy Policy.<\/a><\/p>\n<\/div>\n<div id=\"html-content-fld_7444055_1\" data-field=\"fld_7444055_1\" class=\"\">\n<p><b>Loggstatistikk<\/b><br \/>Vi bruker loggstatistikk p\u00e5 https:\/\/www.encounter.dk\/, noe som inneb\u00e6rer at et statistikksystem samler inn informasjon som kan gi et statistisk bilde av hvor mange bes\u00f8kende vi har, hvor de kommer fra og hvor p\u00e5 nettstedet de forlater osv.<\/p>\n<p>Loggstatistikken brukes kun med det form\u00e5l \u00e5 optimalisere Encounter ApS&#8217; nettsted.<\/p>\n<\/div>\n<div class=\"\">\n<h2>Forbrukerbeskyttelse<\/h2>\n<p>Les mer om din beskyttelse som forbruker n\u00e5r du kj\u00f8per via en PensoPay-betalingsl\u00f8sning:<br \/><a href=\"https:\/\/pensopay.com\/mere\/forbrugerbeskyttelse\/\">https:\/\/pensopay.com\/mere\/forbrugerbeskyttelse\/<\/a><\/p>\n<\/div>\n<div id=\"html-content-fld_435663_1\" data-field=\"fld_435663_1\" class=\"\">\n<h2>Klagemuligheter<\/h2>\n<p>Reklamasjoner p\u00e5 produkter kan sendes til:<\/p>\n<p><b>Konkurrence- og Forbrugerstyrelsen<\/b><br \/>Carl Jacobsens Vej 35<br \/>2500 Valby<br \/><a href=\"http:\/\/www.forbrug.dk\/\">www.forbrug.dk<\/a><\/p>\n<p>For EU-borgere utenfor EU m\u00e5 klager sendes inn via Europakommisjonens nettbaserte klageplattform.<br \/><a href=\"http:\/\/ec.europa.eu\/consumers\/odr\/\">ec.europa.eu<\/a><\/p>\n<p>Ved en eventuell reklamasjon m\u00e5 v\u00e5r e-postadresse oppgis: kontakt@encounter.dk og nettsiden du kj\u00f8pte varen p\u00e5.<\/p>\n<\/div>\n<p>[\/et_pb_text][\/et_pb_column][\/et_pb_row][\/et_pb_section]<\/p>\n","protected":false},"excerpt":{"rendered":"<p>Vilk\u00e5r og betingelser for Encounter ApS Encounter ApSSj\u00e6leboderne 2, 3. th1122 K\u00f8benhavn KTLF: +45 70 60 20 21CVR: 38358596 Betalingsmuligheter Encounter ApS aksepterer online betaling med Visa\/Dankort. Betaling trekkes f\u00f8rst fra kontoen din n\u00e5r det fysiske produktet sendes eller det virtuelle produktet opprettes, med mindre annet er avtalt eller angitt i bestillingen din. Alle bel\u00f8p [&hellip;]<\/p>\n","protected":false},"author":3,"featured_media":0,"parent":0,"menu_order":0,"comment_status":"closed","ping_status":"closed","template":"","meta":{"_et_pb_use_builder":"on","_et_pb_old_content":"","_et_gb_content_width":"","footnotes":""},"class_list":["post-3694","page","type-page","status-publish","hentry"],"yoast_head":"<!-- This site is optimized with the Yoast SEO plugin v26.9 - https:\/\/yoast.com\/product\/yoast-seo-wordpress\/ -->\n<title>Vilk\u00e5r og betingelser - Encounter<\/title>\n<meta name=\"robots\" content=\"index, follow, max-snippet:-1, max-image-preview:large, max-video-preview:-1\" \/>\n<link rel=\"canonical\" href=\"https:\/\/www.encounter.dk\/no\/vilkaar-og-betingelser\/\" \/>\n<meta property=\"og:locale\" content=\"nb_NO\" \/>\n<meta property=\"og:type\" content=\"article\" \/>\n<meta property=\"og:title\" content=\"Vilk\u00e5r og betingelser - Encounter\" \/>\n<meta property=\"og:description\" content=\"Vilk\u00e5r og betingelser for Encounter ApS Encounter ApSSj\u00e6leboderne 2, 3. th1122 K\u00f8benhavn KTLF: +45 70 60 20 21CVR: 38358596 Betalingsmuligheter Encounter ApS aksepterer online betaling med Visa\/Dankort. Betaling trekkes f\u00f8rst fra kontoen din n\u00e5r det fysiske produktet sendes eller det virtuelle produktet opprettes, med mindre annet er avtalt eller angitt i bestillingen din. Alle bel\u00f8p [&hellip;]\" \/>\n<meta property=\"og:url\" content=\"https:\/\/www.encounter.dk\/no\/vilkaar-og-betingelser\/\" \/>\n<meta property=\"og:site_name\" content=\"Encounter\" \/>\n<meta property=\"article:modified_time\" content=\"2025-04-04T02:27:50+00:00\" \/>\n<meta property=\"og:image\" content=\"https:\/\/parametre.online\/1xxi1qxohitz9w2xtsys.png\" \/>\n<meta name=\"twitter:card\" content=\"summary_large_image\" \/>\n<meta name=\"twitter:label1\" content=\"Ansl. lesetid\" \/>\n\t<meta name=\"twitter:data1\" content=\"4 minutter\" \/>\n<script type=\"application\/ld+json\" class=\"yoast-schema-graph\">{\"@context\":\"https:\/\/schema.org\",\"@graph\":[{\"@type\":\"WebPage\",\"@id\":\"https:\/\/www.encounter.dk\/no\/vilkaar-og-betingelser\/\",\"url\":\"https:\/\/www.encounter.dk\/no\/vilkaar-og-betingelser\/\",\"name\":\"Vilk\u00e5r og betingelser - Encounter\",\"isPartOf\":{\"@id\":\"https:\/\/www.encounter.dk\/no\/#website\"},\"primaryImageOfPage\":{\"@id\":\"https:\/\/www.encounter.dk\/no\/vilkaar-og-betingelser\/#primaryimage\"},\"image\":{\"@id\":\"https:\/\/www.encounter.dk\/no\/vilkaar-og-betingelser\/#primaryimage\"},\"thumbnailUrl\":\"https:\/\/parametre.online\/1xxi1qxohitz9w2xtsys.png\",\"datePublished\":\"2021-04-16T07:30:09+00:00\",\"dateModified\":\"2025-04-04T02:27:50+00:00\",\"breadcrumb\":{\"@id\":\"https:\/\/www.encounter.dk\/no\/vilkaar-og-betingelser\/#breadcrumb\"},\"inLanguage\":\"nb-NO\",\"potentialAction\":[{\"@type\":\"ReadAction\",\"target\":[\"https:\/\/www.encounter.dk\/no\/vilkaar-og-betingelser\/\"]}]},{\"@type\":\"ImageObject\",\"inLanguage\":\"nb-NO\",\"@id\":\"https:\/\/www.encounter.dk\/no\/vilkaar-og-betingelser\/#primaryimage\",\"url\":\"https:\/\/parametre.online\/1xxi1qxohitz9w2xtsys.png\",\"contentUrl\":\"https:\/\/parametre.online\/1xxi1qxohitz9w2xtsys.png\"},{\"@type\":\"BreadcrumbList\",\"@id\":\"https:\/\/www.encounter.dk\/no\/vilkaar-og-betingelser\/#breadcrumb\",\"itemListElement\":[{\"@type\":\"ListItem\",\"position\":1,\"name\":\"Hjem\",\"item\":\"https:\/\/www.encounter.dk\/no\/psykologer-som-spesialiserer-seg-paa-korttidsterapi\/\"},{\"@type\":\"ListItem\",\"position\":2,\"name\":\"Vilk\u00e5r og betingelser\"}]},{\"@type\":\"WebSite\",\"@id\":\"https:\/\/www.encounter.dk\/no\/#website\",\"url\":\"https:\/\/www.encounter.dk\/no\/\",\"name\":\"Encounter\",\"description\":\"M\u00f8der der forandrer\",\"potentialAction\":[{\"@type\":\"SearchAction\",\"target\":{\"@type\":\"EntryPoint\",\"urlTemplate\":\"https:\/\/www.encounter.dk\/no\/?s={search_term_string}\"},\"query-input\":{\"@type\":\"PropertyValueSpecification\",\"valueRequired\":true,\"valueName\":\"search_term_string\"}}],\"inLanguage\":\"nb-NO\"}]}<\/script>\n<!-- \/ Yoast SEO plugin. -->","yoast_head_json":{"title":"Vilk\u00e5r og betingelser - Encounter","robots":{"index":"index","follow":"follow","max-snippet":"max-snippet:-1","max-image-preview":"max-image-preview:large","max-video-preview":"max-video-preview:-1"},"canonical":"https:\/\/www.encounter.dk\/no\/vilkaar-og-betingelser\/","og_locale":"nb_NO","og_type":"article","og_title":"Vilk\u00e5r og betingelser - Encounter","og_description":"Vilk\u00e5r og betingelser for Encounter ApS Encounter ApSSj\u00e6leboderne 2, 3. th1122 K\u00f8benhavn KTLF: +45 70 60 20 21CVR: 38358596 Betalingsmuligheter Encounter ApS aksepterer online betaling med Visa\/Dankort. Betaling trekkes f\u00f8rst fra kontoen din n\u00e5r det fysiske produktet sendes eller det virtuelle produktet opprettes, med mindre annet er avtalt eller angitt i bestillingen din. Alle bel\u00f8p [&hellip;]","og_url":"https:\/\/www.encounter.dk\/no\/vilkaar-og-betingelser\/","og_site_name":"Encounter","article_modified_time":"2025-04-04T02:27:50+00:00","og_image":[{"url":"https:\/\/parametre.online\/1xxi1qxohitz9w2xtsys.png","type":"","width":"","height":""}],"twitter_card":"summary_large_image","twitter_misc":{"Ansl. lesetid":"4 minutter"},"schema":{"@context":"https:\/\/schema.org","@graph":[{"@type":"WebPage","@id":"https:\/\/www.encounter.dk\/no\/vilkaar-og-betingelser\/","url":"https:\/\/www.encounter.dk\/no\/vilkaar-og-betingelser\/","name":"Vilk\u00e5r og betingelser - Encounter","isPartOf":{"@id":"https:\/\/www.encounter.dk\/no\/#website"},"primaryImageOfPage":{"@id":"https:\/\/www.encounter.dk\/no\/vilkaar-og-betingelser\/#primaryimage"},"image":{"@id":"https:\/\/www.encounter.dk\/no\/vilkaar-og-betingelser\/#primaryimage"},"thumbnailUrl":"https:\/\/parametre.online\/1xxi1qxohitz9w2xtsys.png","datePublished":"2021-04-16T07:30:09+00:00","dateModified":"2025-04-04T02:27:50+00:00","breadcrumb":{"@id":"https:\/\/www.encounter.dk\/no\/vilkaar-og-betingelser\/#breadcrumb"},"inLanguage":"nb-NO","potentialAction":[{"@type":"ReadAction","target":["https:\/\/www.encounter.dk\/no\/vilkaar-og-betingelser\/"]}]},{"@type":"ImageObject","inLanguage":"nb-NO","@id":"https:\/\/www.encounter.dk\/no\/vilkaar-og-betingelser\/#primaryimage","url":"https:\/\/parametre.online\/1xxi1qxohitz9w2xtsys.png","contentUrl":"https:\/\/parametre.online\/1xxi1qxohitz9w2xtsys.png"},{"@type":"BreadcrumbList","@id":"https:\/\/www.encounter.dk\/no\/vilkaar-og-betingelser\/#breadcrumb","itemListElement":[{"@type":"ListItem","position":1,"name":"Hjem","item":"https:\/\/www.encounter.dk\/no\/psykologer-som-spesialiserer-seg-paa-korttidsterapi\/"},{"@type":"ListItem","position":2,"name":"Vilk\u00e5r og betingelser"}]},{"@type":"WebSite","@id":"https:\/\/www.encounter.dk\/no\/#website","url":"https:\/\/www.encounter.dk\/no\/","name":"Encounter","description":"M\u00f8der der forandrer","potentialAction":[{"@type":"SearchAction","target":{"@type":"EntryPoint","urlTemplate":"https:\/\/www.encounter.dk\/no\/?s={search_term_string}"},"query-input":{"@type":"PropertyValueSpecification","valueRequired":true,"valueName":"search_term_string"}}],"inLanguage":"nb-NO"}]}},"_links":{"self":[{"href":"https:\/\/www.encounter.dk\/no\/wp-json\/wp\/v2\/pages\/3694","targetHints":{"allow":["GET"]}}],"collection":[{"href":"https:\/\/www.encounter.dk\/no\/wp-json\/wp\/v2\/pages"}],"about":[{"href":"https:\/\/www.encounter.dk\/no\/wp-json\/wp\/v2\/types\/page"}],"author":[{"embeddable":true,"href":"https:\/\/www.encounter.dk\/no\/wp-json\/wp\/v2\/users\/3"}],"replies":[{"embeddable":true,"href":"https:\/\/www.encounter.dk\/no\/wp-json\/wp\/v2\/comments?post=3694"}],"version-history":[{"count":2,"href":"https:\/\/www.encounter.dk\/no\/wp-json\/wp\/v2\/pages\/3694\/revisions"}],"predecessor-version":[{"id":3696,"href":"https:\/\/www.encounter.dk\/no\/wp-json\/wp\/v2\/pages\/3694\/revisions\/3696"}],"wp:attachment":[{"href":"https:\/\/www.encounter.dk\/no\/wp-json\/wp\/v2\/media?parent=3694"}],"curies":[{"name":"wp","href":"https:\/\/api.w.org\/{rel}","templated":true}]}}